{"id":123,"date":"2022-05-17T10:27:37","date_gmt":"2022-05-17T10:27:37","guid":{"rendered":"http:\/\/dev.catarinazimbarra.com\/greenbeauty\/?page_id=123"},"modified":"2022-06-14T15:37:41","modified_gmt":"2022-06-14T15:37:41","slug":"sobre-mim","status":"publish","type":"page","link":"http:\/\/dev.catarinazimbarra.com\/greenbeauty\/sobre-mim\/","title":{"rendered":"Sobre mim"},"content":{"rendered":"<p>[et_pb_section fb_built=&#8221;1&#8243; admin_label=&#8221;Header&#8221; _builder_version=&#8221;4.16&#8243; background_color=&#8221;#fbf9f4&#8243; custom_padding=&#8221;||124px||false|false&#8221; locked=&#8221;off&#8221; global_colors_info=&#8221;{}&#8221; theme_builder_area=&#8221;post_content&#8221;][et_pb_row column_structure=&#8221;1_2,1_2&#8243; _builder_version=&#8221;4.16&#8243; background_enable_image=&#8221;off&#8221; custom_padding=&#8221;||0px||false|false&#8221; global_colors_info=&#8221;{}&#8221; theme_builder_area=&#8221;post_content&#8221;][et_pb_column type=&#8221;1_2&#8243; _builder_version=&#8221;4.16&#8243; global_colors_info=&#8221;{}&#8221; theme_builder_area=&#8221;post_content&#8221;][et_pb_text _builder_version=&#8221;4.17.4&#8243; header_font=&#8221;Cormorant Garamond||||||||&#8221; header_text_color=&#8221;#161616&#8243; header_font_size=&#8221;65px&#8221; header_line_height=&#8221;1.15em&#8221; custom_margin=&#8221;||||false|false&#8221; custom_margin_tablet=&#8221;|0px|||false|false&#8221; custom_margin_phone=&#8221;&#8221; custom_margin_last_edited=&#8221;on|phone&#8221; animation_style=&#8221;slide&#8221; animation_direction=&#8221;left&#8221; header_font_size_tablet=&#8221;40px&#8221; header_font_size_phone=&#8221;27px&#8221; header_font_size_last_edited=&#8221;on|desktop&#8221; locked=&#8221;off&#8221; global_colors_info=&#8221;{}&#8221; theme_builder_area=&#8221;post_content&#8221;]<\/p>\n<h1>Sou a Maria!<br \/>Apaixonada pela Ci\u00eancia e Alquimia das plantas.<\/h1>\n<p>[\/et_pb_text][et_pb_image src=&#8221;http:\/\/dev.catarinazimbarra.com\/greenbeauty\/wp-content\/uploads\/2022\/06\/DanielaSousaPhotography-390.jpg&#8221; title_text=&#8221;blogger_56&#8243; _builder_version=&#8221;4.16&#8243; animation_style=&#8221;fade&#8221; animation_duration=&#8221;1200ms&#8221; animation_delay=&#8221;350ms&#8221; animation_starting_opacity=&#8221;13%&#8221; locked=&#8221;off&#8221; global_colors_info=&#8221;{}&#8221; theme_builder_area=&#8221;post_content&#8221;][\/et_pb_image][\/et_pb_column][et_pb_column type=&#8221;1_2&#8243; _builder_version=&#8221;4.16&#8243; custom_padding=&#8221;|||48px|false|false&#8221; global_colors_info=&#8221;{}&#8221; theme_builder_area=&#8221;post_content&#8221;][et_pb_image src=&#8221;http:\/\/dev.catarinazimbarra.com\/greenbeauty\/wp-content\/uploads\/2022\/05\/DanielaSousaPhotography-260-copy-2.jpg&#8221; title_text=&#8221;blogger_10&#8243; _builder_version=&#8221;4.16&#8243; custom_margin=&#8221;||0px||false|false&#8221; animation_style=&#8221;slide&#8221; animation_direction=&#8221;right&#8221; locked=&#8221;off&#8221; global_colors_info=&#8221;{}&#8221; theme_builder_area=&#8221;post_content&#8221;][\/et_pb_image][et_pb_social_media_follow _builder_version=&#8221;4.17.4&#8243; background_color=&#8221;#263c41&#8243; positioning=&#8221;absolute&#8221; text_orientation=&#8221;center&#8221; width=&#8221;48px&#8221; custom_margin_tablet=&#8221;-135px|0px||0px|false|false&#8221; custom_margin_phone=&#8221;-135px||||false|false&#8221; custom_margin_last_edited=&#8221;off|desktop&#8221; custom_padding=&#8221;8px|||8px|false|false&#8221; hover_enabled=&#8221;0&#8243; text_orientation_tablet=&#8221;center&#8221; text_orientation_last_edited=&#8221;off|tablet&#8221; custom_css_social_icon=&#8221;margin-right: 8px;&#8221; locked=&#8221;off&#8221; global_colors_info=&#8221;{}&#8221; theme_builder_area=&#8221;post_content&#8221; sticky_enabled=&#8221;0&#8243;][et_pb_social_media_follow_network social_network=&#8221;instagram&#8221; url=&#8221;https:\/\/www.instagram.com\/mariadavid_greenbeauty\/&#8221; _builder_version=&#8221;4.17.4&#8243; background_color=&#8221;RGBA(0,0,0,0)&#8221; background_enable_color=&#8221;on&#8221; global_colors_info=&#8221;{}&#8221; theme_builder_area=&#8221;post_content&#8221; follow_button=&#8221;off&#8221; url_new_window=&#8221;on&#8221;]instagram[\/et_pb_social_media_follow_network][et_pb_social_media_follow_network social_network=&#8221;facebook&#8221; _builder_version=&#8221;4.17.4&#8243; background_enable_color=&#8221;off&#8221; hover_enabled=&#8221;0&#8243; global_colors_info=&#8221;{}&#8221; theme_builder_area=&#8221;post_content&#8221; follow_button=&#8221;off&#8221; url_new_window=&#8221;on&#8221; url=&#8221;https:\/\/www.facebook.com\/profile.php?id=100082178080422&#8243; sticky_enabled=&#8221;0&#8243;]facebook[\/et_pb_social_media_follow_network][\/et_pb_social_media_follow][et_pb_text _builder_version=&#8221;4.16&#8243; text_font=&#8221;Cormorant||||||||&#8221; text_font_size=&#8221;20px&#8221; text_line_height=&#8221;1.8em&#8221; background_color=&#8221;#FFFFFF&#8221; custom_padding=&#8221;50px|32px|50px|32px|true|true&#8221; global_colors_info=&#8221;{}&#8221; theme_builder_area=&#8221;post_content&#8221;]<\/p>\n<p><span style=\"font-weight: 400;\">&#8220;Acredito numa vis\u00e3o hol\u00edstica de uma pele saud\u00e1vel, onde todas as nossas a\u00e7\u00f5es contribuem para o nosso bem-estar e equil\u00edbrio.&#8221;<\/span><\/p>\n<p>[\/et_pb_text][\/et_pb_column][\/et_pb_row][\/et_pb_section][et_pb_section fb_built=&#8221;1&#8243; fullwidth=&#8221;on&#8221; admin_label=&#8221;Header&#8221; _builder_version=&#8221;4.17.4&#8243; custom_padding=&#8221;0px|0|0px|0px|false|false&#8221; top_divider_color=&#8221;rgba(255,255,255,0.3)&#8221; top_divider_height=&#8221;202%&#8221; top_divider_repeat=&#8221;0.7x&#8221; bottom_divider_color=&#8221;rgba(255,255,255,0.16)&#8221; bottom_divider_height=&#8221;145%&#8221; locked=&#8221;off&#8221; global_colors_info=&#8221;{}&#8221; theme_builder_area=&#8221;post_content&#8221;][et_pb_fullwidth_header title=&#8221;Green beauty&#8221; subhead=&#8221;\u201cA beleza \u00e9 a melhor maneira de se respeitar.\u201d&#8221; text_orientation=&#8221;center&#8221; button_one_text=&#8221;EST\u00c9E LAUDER&#8221; background_overlay_color=&#8221;rgba(0,0,0,0.2)&#8221; content_max_width=&#8221;650px&#8221; content_max_width_tablet=&#8221;100%&#8221; content_max_width_phone=&#8221;&#8221; content_max_width_last_edited=&#8221;on|phone&#8221; _builder_version=&#8221;4.17.4&#8243; title_level=&#8221;h2&#8243; title_font=&#8221;Poppins|||on|||||&#8221; title_font_size=&#8221;16px&#8221; title_letter_spacing=&#8221;15px&#8221; title_line_height=&#8221;2em&#8221; subhead_font=&#8221;Cormorant Garamond||||||||&#8221; subhead_text_align=&#8221;center&#8221; subhead_font_size=&#8221;56px&#8221; subhead_line_height=&#8221;1.5em&#8221; background_color=&#8221;rgba(255,255,255,0)&#8221; background_image=&#8221;http:\/\/dev.catarinazimbarra.com\/greenbeauty\/wp-content\/uploads\/2022\/05\/DanielaSousaPhotography-394-copy.jpg&#8221; custom_button_one=&#8221;on&#8221; button_one_text_size=&#8221;14px&#8221; button_one_text_color=&#8221;#ffffff&#8221; button_one_border_width=&#8221;0px&#8221; button_one_border_color=&#8221;rgba(0,0,0,0)&#8221; button_one_border_radius=&#8221;0px&#8221; button_one_letter_spacing=&#8221;4px&#8221; button_one_font=&#8221;Poppins|500||on|||||&#8221; button_one_use_icon=&#8221;off&#8221; custom_margin=&#8221;|||&#8221; custom_padding=&#8221;120px||120px||true&#8221; animation_style=&#8221;slide&#8221; animation_direction=&#8221;bottom&#8221; animation_duration=&#8221;1300ms&#8221; animation_intensity_slide=&#8221;9%&#8221; animation_starting_opacity=&#8221;8%&#8221; subhead_font_size_tablet=&#8221;40px&#8221; subhead_font_size_phone=&#8221;36px&#8221; subhead_font_size_last_edited=&#8221;on|desktop&#8221; button_one_text_color_hover=&#8221;#ffffff&#8221; button_one_border_color_hover=&#8221;#ecd5c5&#8243; button_one_border_radius_hover=&#8221;0px&#8221; button_one_letter_spacing_hover=&#8221;4px&#8221; button_one_bg_color_hover=&#8221;#ecd5c5&#8243; global_colors_info=&#8221;{}&#8221; button_one_text_size__hover_enabled=&#8221;off&#8221; button_two_text_size__hover_enabled=&#8221;off&#8221; button_one_text_color__hover_enabled=&#8221;on|hover&#8221; button_one_text_color__hover=&#8221;#ffffff&#8221; button_two_text_color__hover_enabled=&#8221;off&#8221; button_one_border_width__hover_enabled=&#8221;off&#8221; button_two_border_width__hover_enabled=&#8221;off&#8221; button_one_border_color__hover_enabled=&#8221;off|desktop&#8221; button_one_border_color__hover=&#8221;#ecd5c5&#8243; button_two_border_color__hover_enabled=&#8221;off&#8221; button_one_border_radius__hover_enabled=&#8221;on|hover&#8221; button_one_border_radius__hover=&#8221;0px&#8221; button_two_border_radius__hover_enabled=&#8221;off&#8221; button_one_letter_spacing__hover_enabled=&#8221;on&#8221; button_one_letter_spacing__hover=&#8221;4px&#8221; button_two_letter_spacing__hover_enabled=&#8221;off&#8221; button_one_bg_color__hover_enabled=&#8221;on|desktop&#8221; button_one_bg_color__hover=&#8221;rgba(0,0,0,0)&#8221; button_two_bg_color__hover_enabled=&#8221;off&#8221; button_one_bg_enable_color__hover=&#8221;on&#8221; theme_builder_area=&#8221;post_content&#8221;][\/et_pb_fullwidth_header][\/et_pb_section][et_pb_section fb_built=&#8221;1&#8243; admin_label=&#8221;sobre mim&#8221; _builder_version=&#8221;4.16&#8243; custom_padding=&#8221;93px|0px|93px|0px|true|false&#8221; locked=&#8221;off&#8221; collapsed=&#8221;on&#8221; global_colors_info=&#8221;{}&#8221; theme_builder_area=&#8221;post_content&#8221;][et_pb_row column_structure=&#8221;1_2,1_2&#8243; _builder_version=&#8221;4.16&#8243; global_colors_info=&#8221;{}&#8221; theme_builder_area=&#8221;post_content&#8221;][et_pb_column type=&#8221;1_2&#8243; _builder_version=&#8221;4.16&#8243; custom_padding=&#8221;|||2%|false|false&#8221; global_colors_info=&#8221;{}&#8221; custom_padding__hover=&#8221;|||&#8221; theme_builder_area=&#8221;post_content&#8221;][et_pb_text _builder_version=&#8221;4.16&#8243; text_font=&#8221;Cormorant Garamond||||||||&#8221; text_text_color=&#8221;#000000&#8243; text_font_size=&#8221;18px&#8221; text_line_height=&#8221;1.8em&#8221; link_font=&#8221;||||||||&#8221; ul_font=&#8221;||||||||&#8221; header_font=&#8221;||||||||&#8221; header_2_font=&#8221;||||||||&#8221; header_3_font=&#8221;||||||||&#8221; header_3_font_size=&#8221;45px&#8221; header_3_line_height=&#8221;1.5em&#8221; header_5_font=&#8221;Poppins|300||on|||||&#8221; header_5_letter_spacing=&#8221;5px&#8221; max_width_tablet=&#8221;100%&#8221; max_width_phone=&#8221;100%&#8221; max_width_last_edited=&#8221;off|desktop&#8221; module_alignment=&#8221;right&#8221; custom_padding=&#8221;|||&#8221; custom_padding_tablet=&#8221;|||0px&#8221; custom_padding_phone=&#8221;&#8221; custom_padding_last_edited=&#8221;on|tablet&#8221; animation_style=&#8221;slide&#8221; animation_direction=&#8221;left&#8221; animation_delay=&#8221;1000ms&#8221; animation_starting_opacity=&#8221;10%&#8221; global_colors_info=&#8221;{}&#8221; theme_builder_area=&#8221;post_content&#8221;]<\/p>\n<h5>Sobre mim<\/h5>\n<h3>MARIA DAVID<\/h3>\n<p>A paix\u00e3o pela natureza, com uma forte liga\u00e7\u00e3o \u00e0 \u00e1gua, conduziu-me \u00e0 engenharia do ambiente, onde tenho defendido causas centradas na \u00e1gua como ve\u00edculo de sustentabilidade do nosso planeta.<\/p>\n<p>A cosm\u00e9tica natural surge em 2019, movida pelo meu desejo de desenvolver um projeto inovador que despertasse na mulher a sua autoestima e cuidado pessoal. Aliando a minha voca\u00e7\u00e3o cient\u00edfica ao meu amor pelas plantas surgiu o outro lado de mim, a Maria David Green Beauty.<\/p>\n<p>Com forma\u00e7\u00e3o na \u00e1rea de Organic Skincare Formulation, Organic Anti-Ageing Skincare e Natural Cosmetics Preservation and Stability Testing, sou Criadora de F\u00f3rmulas de Cosm\u00e9tica Natural. Aliando a ci\u00eancia \u00e0 alquimia das plantas desenvolvo produtos cosm\u00e9ticos de refer\u00eancia com significativos benef\u00edcios terap\u00eauticos de forma sustent\u00e1vel.<\/p>\n<p>[\/et_pb_text][\/et_pb_column][et_pb_column type=&#8221;1_2&#8243; _builder_version=&#8221;4.16&#8243; custom_padding=&#8221;|||&#8221; global_colors_info=&#8221;{}&#8221; custom_padding__hover=&#8221;|||&#8221; theme_builder_area=&#8221;post_content&#8221;][et_pb_image src=&#8221;http:\/\/dev.catarinazimbarra.com\/greenbeauty\/wp-content\/uploads\/2022\/06\/DanielaSousaPhotography-319.jpg&#8221; force_fullwidth=&#8221;on&#8221; align_tablet=&#8221;center&#8221; align_phone=&#8221;&#8221; align_last_edited=&#8221;on|desktop&#8221; _builder_version=&#8221;4.16&#8243; custom_margin=&#8221;-32%||||false|false&#8221; custom_margin_tablet=&#8221;-160px|||&#8221; custom_margin_phone=&#8221;0px|||&#8221; custom_margin_last_edited=&#8221;on|tablet&#8221; animation_style=&#8221;slide&#8221; animation_direction=&#8221;bottom&#8221; animation_intensity_slide=&#8221;5%&#8221; animation_starting_opacity=&#8221;28%&#8221; box_shadow_style=&#8221;preset3&#8243; box_shadow_vertical=&#8221;70px&#8221; box_shadow_blur=&#8221;80px&#8221; box_shadow_spread=&#8221;-60px&#8221; global_colors_info=&#8221;{}&#8221; theme_builder_area=&#8221;post_content&#8221;]&nbsp;<br \/>\n[\/et_pb_image][\/et_pb_column][\/et_pb_row][\/et_pb_section][et_pb_section fb_built=&#8221;1&#8243; admin_label=&#8221;promise&#8221; _builder_version=&#8221;4.16&#8243; background_color=&#8221;#fbf9f4&#8243; custom_padding=&#8221;70px||70px||true|false&#8221; collapsed=&#8221;on&#8221; global_colors_info=&#8221;{}&#8221; theme_builder_area=&#8221;post_content&#8221;][et_pb_row _builder_version=&#8221;4.17.4&#8243; width_tablet=&#8221;&#8221; width_phone=&#8221;&#8221; width_last_edited=&#8221;on|phone&#8221; max_width_tablet=&#8221;&#8221; max_width_phone=&#8221;&#8221; max_width_last_edited=&#8221;on|phone&#8221; custom_padding=&#8221;0px||0px||true|false&#8221; animation_style=&#8221;fade&#8221; animation_delay=&#8221;450ms&#8221; animation_starting_opacity=&#8221;22%&#8221; global_colors_info=&#8221;{}&#8221; theme_builder_area=&#8221;post_content&#8221;][et_pb_column type=&#8221;4_4&#8243; _builder_version=&#8221;4.16&#8243; global_colors_info=&#8221;{}&#8221; theme_builder_area=&#8221;post_content&#8221;][et_pb_text _builder_version=&#8221;4.17.4&#8243; text_font=&#8221;Cormorant Garamond||||||||&#8221; text_text_color=&#8221;#000000&#8243; text_font_size=&#8221;22px&#8221; text_line_height=&#8221;1.8em&#8221; header_font=&#8221;|||on|||||&#8221; header_text_align=&#8221;center&#8221; header_text_color=&#8221;#62635e&#8221; header_font_size=&#8221;43px&#8221; hover_enabled=&#8221;0&#8243; global_colors_info=&#8221;{}&#8221; theme_builder_area=&#8221;post_content&#8221; sticky_enabled=&#8221;0&#8243;]<\/p>\n<h1>Green Beauty<\/h1>\n<p>[\/et_pb_text][et_pb_text _builder_version=&#8221;4.16&#8243; text_font=&#8221;Cormorant Garamond||||||||&#8221; text_text_color=&#8221;#565656&#8243; text_font_size=&#8221;20px&#8221; text_line_height=&#8221;1.8em&#8221; text_orientation=&#8221;center&#8221; global_colors_info=&#8221;{}&#8221; theme_builder_area=&#8221;post_content&#8221;]<\/p>\n<p>Acredito numa vis\u00e3o hol\u00edstica de uma pele saud\u00e1vel, onde todas as nossas a\u00e7\u00f5es contribuem para o nosso bem-estar e equil\u00edbrio.<\/p>\n<p>[\/et_pb_text][\/et_pb_column][\/et_pb_row][\/et_pb_section][et_pb_section fb_built=&#8221;1&#8243; admin_label=&#8221;story&#8221; _builder_version=&#8221;4.16&#8243; background_enable_color=&#8221;off&#8221; custom_padding=&#8221;0px||0px||false|false&#8221; collapsed=&#8221;on&#8221; global_colors_info=&#8221;{}&#8221; theme_builder_area=&#8221;post_content&#8221;][et_pb_row column_structure=&#8221;2_5,3_5&#8243; _builder_version=&#8221;4.16&#8243; width=&#8221;100%&#8221; max_width=&#8221;100%&#8221; custom_padding=&#8221;63px||63px||true|false&#8221; global_colors_info=&#8221;{}&#8221; theme_builder_area=&#8221;post_content&#8221;][et_pb_column type=&#8221;2_5&#8243; _builder_version=&#8221;4.16&#8243; global_colors_info=&#8221;{}&#8221; theme_builder_area=&#8221;post_content&#8221;][et_pb_text _builder_version=&#8221;4.17.4&#8243; text_font=&#8221;Cormorant Garamond||||||||&#8221; text_text_color=&#8221;#000000&#8243; text_font_size=&#8221;22px&#8221; text_line_height=&#8221;1.8em&#8221; header_font=&#8221;|||on|||||&#8221; header_text_align=&#8221;left&#8221; header_text_color=&#8221;#969992&#8243; header_font_size=&#8221;37px&#8221; custom_padding=&#8221;|||150px|false|false&#8221; custom_padding_tablet=&#8221;|||150px|false|false&#8221; custom_padding_phone=&#8221;|40px||40px|false|true&#8221; custom_padding_last_edited=&#8221;on|phone&#8221; animation_style=&#8221;slide&#8221; animation_direction=&#8221;left&#8221; animation_delay=&#8221;450ms&#8221; global_colors_info=&#8221;{}&#8221; theme_builder_area=&#8221;post_content&#8221;]<\/p>\n<h1>A nossa hist\u00f3ria<\/h1>\n<p>[\/et_pb_text][et_pb_text _builder_version=&#8221;4.17.4&#8243; text_font=&#8221;Cormorant Garamond||||||||&#8221; text_text_color=&#8221;#565656&#8243; text_font_size=&#8221;20px&#8221; text_line_height=&#8221;1.8em&#8221; custom_padding=&#8221;|||150px|false|false&#8221; custom_padding_tablet=&#8221;|||150px|false|false&#8221; custom_padding_phone=&#8221;|40px||40px|false|true&#8221; custom_padding_last_edited=&#8221;on|phone&#8221; animation_style=&#8221;slide&#8221; animation_direction=&#8221;left&#8221; animation_duration=&#8221;1200ms&#8221; animation_delay=&#8221;500ms&#8221; animation_starting_opacity=&#8221;14%&#8221; global_colors_info=&#8221;{}&#8221; theme_builder_area=&#8221;post_content&#8221;]<\/p>\n<p>A Maria David Green Beauty nasceu da necessidade de comunica\u00e7\u00e3o e de partilha de todos os ensinamentos que adquiria durante a minha forma\u00e7\u00e3o de Cosm\u00e9tica Natural.<\/p>\n<p>Esta partilha estendeu-se para al\u00e9m do conhecimento adquirido tornando-se num projeto experimental com as f\u00f3rmulas desenvolvidas por mim.<\/p>\n<p>O excelente acolhimento deste projeto alimentou o desejo de fazer mais e melhor e assim, em 2022, nasce em Lisboa, o meu laborat\u00f3rio de cosm\u00e9tica natural, que permite n\u00e3o s\u00f3 a cria\u00e7\u00e3o de produtos de cosm\u00e9tica como tamb\u00e9m o apoio ao ensino desta pr\u00e1tica.<\/p>\n<p>[\/et_pb_text][et_pb_button button_url=&#8221;@ET-DC@eyJkeW5hbWljIjp0cnVlLCJjb250ZW50IjoicG9zdF9saW5rX3VybF9wYWdlIiwic2V0dGluZ3MiOnsicG9zdF9pZCI6IjE3OCJ9fQ==@&#8221; button_text=&#8221;O meu Blog&#8221; _builder_version=&#8221;4.17.4&#8243; _dynamic_attributes=&#8221;button_url&#8221; custom_button=&#8221;on&#8221; button_text_size=&#8221;23px&#8221; button_text_color=&#8221;#161616&#8243; button_bg_color=&#8221;#f2e3de&#8221; button_border_width=&#8221;0px&#8221; button_border_radius=&#8221;0px&#8221; button_font=&#8221;Cormorant Garamond||||||||&#8221; custom_margin=&#8221;|||150px|false|false&#8221; custom_margin_tablet=&#8221;|||150px|false|false&#8221; custom_margin_phone=&#8221;|||40px|false|false&#8221; custom_margin_last_edited=&#8221;on|phone&#8221; custom_padding=&#8221;||||false|false&#8221; animation_style=&#8221;fade&#8221; locked=&#8221;off&#8221; global_colors_info=&#8221;{}&#8221; theme_builder_area=&#8221;post_content&#8221;][\/et_pb_button][\/et_pb_column][et_pb_column type=&#8221;3_5&#8243; _builder_version=&#8221;4.16&#8243; global_colors_info=&#8221;{}&#8221; theme_builder_area=&#8221;post_content&#8221;][et_pb_image src=&#8221;http:\/\/dev.catarinazimbarra.com\/greenbeauty\/wp-content\/uploads\/2022\/06\/DanielaSousaPhotography-361.jpg&#8221; _builder_version=&#8221;4.16&#8243; module_alignment=&#8221;right&#8221; custom_padding=&#8221;||||false|false&#8221; animation_style=&#8221;fade&#8221; animation_delay=&#8221;550ms&#8221; global_colors_info=&#8221;{}&#8221; theme_builder_area=&#8221;post_content&#8221;][\/et_pb_image][\/et_pb_column][\/et_pb_row][\/et_pb_section]<\/p>\n","protected":false},"excerpt":{"rendered":"<p>Sou a Maria!Apaixonada pela Ci\u00eancia e Alquimia das plantas.instagramfacebook&#8221;Acredito numa vis\u00e3o hol\u00edstica de uma pele saud\u00e1vel, onde todas as nossas a\u00e7\u00f5es contribuem para o nosso bem-estar e equil\u00edbrio.&#8221;Sobre mim MARIA DAVID A paix\u00e3o pela natureza, com uma forte liga\u00e7\u00e3o \u00e0 \u00e1gua, conduziu-me \u00e0 engenharia do ambiente, onde tenho defendido causas centradas na \u00e1gua como ve\u00edculo [&hellip;]<\/p>\n","protected":false},"author":1,"featured_media":0,"parent":0,"menu_order":0,"comment_status":"closed","ping_status":"closed","template":"","meta":{"_et_pb_use_builder":"on","_et_pb_old_content":"","_et_gb_content_width":"","footnotes":""},"class_list":["post-123","page","type-page","status-publish","hentry"],"_links":{"self":[{"href":"http:\/\/dev.catarinazimbarra.com\/greenbeauty\/wp-json\/wp\/v2\/pages\/123","targetHints":{"allow":["GET"]}}],"collection":[{"href":"http:\/\/dev.catarinazimbarra.com\/greenbeauty\/wp-json\/wp\/v2\/pages"}],"about":[{"href":"http:\/\/dev.catarinazimbarra.com\/greenbeauty\/wp-json\/wp\/v2\/types\/page"}],"author":[{"embeddable":true,"href":"http:\/\/dev.catarinazimbarra.com\/greenbeauty\/wp-json\/wp\/v2\/users\/1"}],"replies":[{"embeddable":true,"href":"http:\/\/dev.catarinazimbarra.com\/greenbeauty\/wp-json\/wp\/v2\/comments?post=123"}],"version-history":[{"count":26,"href":"http:\/\/dev.catarinazimbarra.com\/greenbeauty\/wp-json\/wp\/v2\/pages\/123\/revisions"}],"predecessor-version":[{"id":504,"href":"http:\/\/dev.catarinazimbarra.com\/greenbeauty\/wp-json\/wp\/v2\/pages\/123\/revisions\/504"}],"wp:attachment":[{"href":"http:\/\/dev.catarinazimbarra.com\/greenbeauty\/wp-json\/wp\/v2\/media?parent=123"}],"curies":[{"name":"wp","href":"https:\/\/api.w.org\/{rel}","templated":true}]}}