{"id":3,"date":"2022-05-13T13:41:21","date_gmt":"2022-05-13T13:41:21","guid":{"rendered":"http:\/\/dev.catarinazimbarra.com\/greenbeauty\/?page_id=3"},"modified":"2022-06-29T16:45:03","modified_gmt":"2022-06-29T16:45:03","slug":"politica-privacidade","status":"publish","type":"page","link":"http:\/\/dev.catarinazimbarra.com\/greenbeauty\/politica-privacidade\/","title":{"rendered":"Pol\u00edtica de Privacidade"},"content":{"rendered":"[et_pb_section fb_built=&#8221;1&#8243; admin_label=&#8221;section&#8221; _builder_version=&#8221;4.17.4&#8243; background_color=&#8221;#fbf9f4&#8243; global_colors_info=&#8221;{}&#8221; theme_builder_area=&#8221;post_content&#8221;][et_pb_row admin_label=&#8221;row&#8221; _builder_version=&#8221;4.16&#8243; background_size=&#8221;initial&#8221; background_position=&#8221;top_left&#8221; background_repeat=&#8221;repeat&#8221; global_colors_info=&#8221;{}&#8221; theme_builder_area=&#8221;post_content&#8221;][et_pb_column type=&#8221;4_4&#8243; _builder_version=&#8221;4.16&#8243; custom_padding=&#8221;|||&#8221; global_colors_info=&#8221;{}&#8221; custom_padding__hover=&#8221;|||&#8221; theme_builder_area=&#8221;post_content&#8221;][et_pb_text admin_label=&#8221;Text&#8221; _builder_version=&#8221;4.17.4&#8243; background_size=&#8221;initial&#8221; background_position=&#8221;top_left&#8221; background_repeat=&#8221;repeat&#8221; hover_enabled=&#8221;0&#8243; global_colors_info=&#8221;{}&#8221; theme_builder_area=&#8221;post_content&#8221; sticky_enabled=&#8221;0&#8243;]<p><\/p>\n<h2 class=\"wp-block-heading\">Pol\u00edtica de Privacidade<\/h2>\n<p>A Maria David | Green Beauty garante aos utilizadores deste site o respeito pela sua privacidade. A visita ao presente site, por si s\u00f3, n\u00e3o implica o registo, de forma autom\u00e1tica, de qualquer dado pessoal que identifique o utilizador. No entanto, a utiliza\u00e7\u00e3o de determinados conte\u00fados ou servi\u00e7os poder\u00e1 implicar a disponibiliza\u00e7\u00e3o pelos utilizadores de dados pessoais.<\/p>\n<p>A presente Pol\u00edtica de Privacidade faz parte integrante dos Termos de Utiliza\u00e7\u00e3o do site www.maria-david.pt e\u00a0regula a recolha e tratamento dos dados pessoais fornecidos pelos Utilizadores, assim como o exerc\u00edcio dos seus direitos relativamente a estes dados, nos termos da Lei de Prote\u00e7\u00e3o de Dados Pessoais em vigor.<\/p>\n<p>&nbsp;<\/p>\n<h4>Recolha e Tratamento de Dados<\/h4>\n<p>A Maria David | Green Beauty \u00e9 a entidade respons\u00e1vel pela recolha e tratamento dos dados pessoais dos Utilizadores.<\/p>\n<p>Os dados pessoais recolhidos ser\u00e3o processados e armazenados informaticamente pela Maria David | Green Beauty ou pelas entidades por este subcontratadas e destinam-se a dar resposta aos seus pedidos de marca\u00e7\u00e3o de consultas, bem como aos seus coment\u00e1rios, pedidos de esclarecimento e sugest\u00f5es.<\/p>\n<p>Os dados pessoais recolhidos ser\u00e3o conservados de forma a permitir a sua identifica\u00e7\u00e3o apenas durante o per\u00edodo necess\u00e1rio para a prossecu\u00e7\u00e3o das finalidades de recolha ou do tratamento posterior, findo o qual os mesmos ser\u00e3o eliminados.<\/p>\n<p>A Maria David | Green Beauty assume que os dados recolhidos foram inseridos pelo respetivo titular e que a sua inser\u00e7\u00e3o foi autorizada pelo mesmo, sendo os mesmos verdadeiros e exatos.<\/p>\n<p>&nbsp;<\/p>\n<h4>Direito de Acesso<\/h4>\n<p>Em cumprimento do disposto na Lei n.\u00ba 67\/98, de 26 de Outubro, Lei de Prote\u200b\u00e7\u00e3o de Dados Pessoais, o utilizador poder\u00e1, a qualquer momento, exercer os direitos de acesso, retifica\u00e7\u00e3o e cancelamento dos seus dados, bem como o direito de oposi\u00e7\u00e3o ao tratamento dos mesmos, mediante pedido escrito dirigido a Maria David | Green Beauty , <span>Rua Passos Manuel, 104\u00a0Cv Drta |\u00a0Estef\u00e2nia,\u00a0<\/span><span>1150-260 Lisboa.<\/span><\/p>\n<p>&nbsp;<\/p>\n<h4>Comunica\u00e7\u00e3o de Dados<\/h4>\n<p>A Maria David | Green Beauty poder\u00e1 comunicar os seus dados pessoais a terceiros desde que para o efeito tenha obtido de forma inequ\u00edvoca o consentimento dos Utilizadores ou ainda quando a transmiss\u00e3o seja efetuada no \u00e2mbito do cumprimento de uma obriga\u00e7\u00e3o legal, de uma delibera\u00e7\u00e3o da Comiss\u00e3o Nacional de Prote\u00e7\u00e3o de Dados ou de uma ordem judicial; ou a comunica\u00e7\u00e3o seja levada a cabo para proteger interesses vitais dos Utilizadores ou qualquer outra finalidade leg\u00edtima prevista na lei.<\/p>\n<p>&nbsp;<\/p>\n<h4>\u200bAltera\u00e7\u00f5es \u00e0 Pol\u00edtica de Privacidade<\/h4>\n<p>A Maria David | Green Beauty reserva-se o direito de, a todo o momento e sem aviso pr\u00e9vio e com efeitos imediatos, alterar, acrescentar ou revogar, parcial ou totalmente, a presente Pol\u00edtica de Privacidade.<\/p>\n<p>Quaisquer altera\u00e7\u00f5es ser\u00e3o imediatamente divulgadas nesta mesma p\u00e1gina online.<\/p>\n<p><\/p>[\/et_pb_text][\/et_pb_column][\/et_pb_row][\/et_pb_section]","protected":false},"excerpt":{"rendered":"<p>Pol\u00edtica de Privacidade A Maria David | Green Beauty garante aos utilizadores deste site o respeito pela sua privacidade. A visita ao presente site, por si s\u00f3, n\u00e3o implica o registo, de forma autom\u00e1tica, de qualquer dado pessoal que identifique o utilizador. No entanto, a utiliza\u00e7\u00e3o de determinados conte\u00fados ou servi\u00e7os poder\u00e1 implicar a disponibiliza\u00e7\u00e3o [&hellip;]<\/p>\n","protected":false},"author":1,"featured_media":0,"parent":0,"menu_order":0,"comment_status":"closed","ping_status":"closed","template":"","meta":{"_et_pb_use_builder":"on","_et_pb_old_content":"<!-- wp:heading --><h2>Who we are<\/h2><!-- \/wp:heading --><!-- wp:paragraph --><p><strong class=\"privacy-policy-tutorial\">Suggested text: <\/strong>Our website address is: http:\/\/dev.catarinazimbarra.com\/greenbeauty.<\/p><!-- \/wp:paragraph --><!-- wp:heading --><h2>Comments<\/h2><!-- \/wp:heading --><!-- wp:paragraph --><p><strong class=\"privacy-policy-tutorial\">Suggested text: <\/strong>When visitors leave comments on the site we collect the data shown in the comments form, and also the visitor&#8217;s IP address and browser user agent string to help spam detection.<\/p><!-- \/wp:paragraph --><!-- wp:paragraph --><p>An anonymized string created from your email address (also called a hash) may be provided to the Gravatar service to see if you are using it. The Gravatar service privacy policy is available here: https:\/\/automattic.com\/privacy\/. After approval of your comment, your profile picture is visible to the public in the context of your comment.<\/p><!-- \/wp:paragraph --><!-- wp:heading --><h2>Media<\/h2><!-- \/wp:heading --><!-- wp:paragraph --><p><strong class=\"privacy-policy-tutorial\">Suggested text: <\/strong>If you upload images to the website, you should avoid uploading images with embedded location data (EXIF GPS) included. Visitors to the website can download and extract any location data from images on the website.<\/p><!-- \/wp:paragraph --><!-- wp:heading --><h2>Cookies<\/h2><!-- \/wp:heading --><!-- wp:paragraph --><p><strong class=\"privacy-policy-tutorial\">Suggested text: <\/strong>If you leave a comment on our site you may opt-in to saving your name, email address and website in cookies. These are for your convenience so that you do not have to fill in your details again when you leave another comment. These cookies will last for one year.<\/p><!-- \/wp:paragraph --><!-- wp:paragraph --><p>If you visit our login page, we will set a temporary cookie to determine if your browser accepts cookies. This cookie contains no personal data and is discarded when you close your browser.<\/p><!-- \/wp:paragraph --><!-- wp:paragraph --><p>When you log in, we will also set up several cookies to save your login information and your screen display choices. Login cookies last for two days, and screen options cookies last for a year. If you select &quot;Remember Me&quot;, your login will persist for two weeks. If you log out of your account, the login cookies will be removed.<\/p><!-- \/wp:paragraph --><!-- wp:paragraph --><p>If you edit or publish an article, an additional cookie will be saved in your browser. This cookie includes no personal data and simply indicates the post ID of the article you just edited. It expires after 1 day.<\/p><!-- \/wp:paragraph --><!-- wp:heading --><h2>Embedded content from other websites<\/h2><!-- \/wp:heading --><!-- wp:paragraph --><p><strong class=\"privacy-policy-tutorial\">Suggested text: <\/strong>Articles on this site may include embedded content (e.g. videos, images, articles, etc.). Embedded content from other websites behaves in the exact same way as if the visitor has visited the other website.<\/p><!-- \/wp:paragraph --><!-- wp:paragraph --><p>These websites may collect data about you, use cookies, embed additional third-party tracking, and monitor your interaction with that embedded content, including tracking your interaction with the embedded content if you have an account and are logged in to that website.<\/p><!-- \/wp:paragraph --><!-- wp:heading --><h2>Who we share your data with<\/h2><!-- \/wp:heading --><!-- wp:paragraph --><p><strong class=\"privacy-policy-tutorial\">Suggested text: <\/strong>If you request a password reset, your IP address will be included in the reset email.<\/p><!-- \/wp:paragraph --><!-- wp:heading --><h2>How long we retain your data<\/h2><!-- \/wp:heading --><!-- wp:paragraph --><p><strong class=\"privacy-policy-tutorial\">Suggested text: <\/strong>If you leave a comment, the comment and its metadata are retained indefinitely. This is so we can recognize and approve any follow-up comments automatically instead of holding them in a moderation queue.<\/p><!-- \/wp:paragraph --><!-- wp:paragraph --><p>For users that register on our website (if any), we also store the personal information they provide in their user profile. All users can see, edit, or delete their personal information at any time (except they cannot change their username). Website administrators can also see and edit that information.<\/p><!-- \/wp:paragraph --><!-- wp:heading --><h2>What rights you have over your data<\/h2><!-- \/wp:heading --><!-- wp:paragraph --><p><strong class=\"privacy-policy-tutorial\">Suggested text: <\/strong>If you have an account on this site, or have left comments, you can request to receive an exported file of the personal data we hold about you, including any data you have provided to us. You can also request that we erase any personal data we hold about you. This does not include any data we are obliged to keep for administrative, legal, or security purposes.<\/p><!-- \/wp:paragraph --><!-- wp:heading --><h2>Where we send your data<\/h2><!-- \/wp:heading --><!-- wp:paragraph --><p><strong class=\"privacy-policy-tutorial\">Suggested text: <\/strong>Visitor comments may be checked through an automated spam detection service.<\/p><!-- \/wp:paragraph -->","_et_gb_content_width":"","footnotes":""},"class_list":["post-3","page","type-page","status-publish","hentry"],"_links":{"self":[{"href":"http:\/\/dev.catarinazimbarra.com\/greenbeauty\/wp-json\/wp\/v2\/pages\/3","targetHints":{"allow":["GET"]}}],"collection":[{"href":"http:\/\/dev.catarinazimbarra.com\/greenbeauty\/wp-json\/wp\/v2\/pages"}],"about":[{"href":"http:\/\/dev.catarinazimbarra.com\/greenbeauty\/wp-json\/wp\/v2\/types\/page"}],"author":[{"embeddable":true,"href":"http:\/\/dev.catarinazimbarra.com\/greenbeauty\/wp-json\/wp\/v2\/users\/1"}],"replies":[{"embeddable":true,"href":"http:\/\/dev.catarinazimbarra.com\/greenbeauty\/wp-json\/wp\/v2\/comments?post=3"}],"version-history":[{"count":5,"href":"http:\/\/dev.catarinazimbarra.com\/greenbeauty\/wp-json\/wp\/v2\/pages\/3\/revisions"}],"predecessor-version":[{"id":609,"href":"http:\/\/dev.catarinazimbarra.com\/greenbeauty\/wp-json\/wp\/v2\/pages\/3\/revisions\/609"}],"wp:attachment":[{"href":"http:\/\/dev.catarinazimbarra.com\/greenbeauty\/wp-json\/wp\/v2\/media?parent=3"}],"curies":[{"name":"wp","href":"https:\/\/api.w.org\/{rel}","templated":true}]}}