{"id":12,"date":"2020-07-15T21:31:32","date_gmt":"2020-07-15T21:31:32","guid":{"rendered":"http:\/\/dev.catarinazimbarra.com\/hotelconventosaopaulo\/?page_id=12"},"modified":"2020-12-10T11:30:38","modified_gmt":"2020-12-10T11:30:38","slug":"about-us","status":"publish","type":"page","link":"http:\/\/dev.catarinazimbarra.com\/hotelconventosaopaulo\/about-us\/","title":{"rendered":"About Us"},"content":{"rendered":"<p>[et_pb_section fb_built=&#8221;1&#8243; admin_label=&#8221;Layout Group I&#8221; module_class=&#8221;heading-premium&#8221; _builder_version=&#8221;4.6.6&#8243; custom_padding=&#8221;0px|||||&#8221; saved_tabs=&#8221;all&#8221;][et_pb_row column_structure=&#8221;1_2,1_2&#8243; use_custom_gutter=&#8221;on&#8221; gutter_width=&#8221;1&#8243; _builder_version=&#8221;4.4.4&#8243; max_width=&#8221;1240px&#8221; custom_padding=&#8221;0px||0px|||&#8221;][et_pb_column type=&#8221;1_2&#8243; _builder_version=&#8221;4.4.4&#8243; z_index=&#8221;10&#8243;][et_pb_image src=&#8221;http:\/\/dev.catarinazimbarra.com\/hotelconventosaopaulo\/wp-content\/uploads\/2020\/10\/about_2-1024&#215;680.jpg&#8221; title_text=&#8221;about_2&#8243; align=&#8221;right&#8221; align_tablet=&#8221;left&#8221; align_phone=&#8221;&#8221; align_last_edited=&#8221;on|phone&#8221; module_class=&#8221;heading-premium-secondary-image&#8221; _builder_version=&#8221;4.6.5&#8243; max_width=&#8221;50%&#8221; max_width_tablet=&#8221;&#8221; max_width_phone=&#8221;&#8221; max_width_last_edited=&#8221;on|tablet&#8221; max_height_tablet=&#8221;150px&#8221; max_height_phone=&#8221;150px&#8221; max_height_last_edited=&#8221;on|phone&#8221;][\/et_pb_image][et_pb_text module_class=&#8221;heading-premium-title&#8221; _builder_version=&#8221;4.6.5&#8243; text_font=&#8221;Gilda Display|||on|||||&#8221; text_text_color=&#8221;#000000&#8243; text_font_size=&#8221;75px&#8221; text_letter_spacing=&#8221;3px&#8221; text_line_height=&#8221;1.3em&#8221; header_font=&#8221;Gilda Display|||on|||||&#8221; header_text_color=&#8221;#000000&#8243; header_font_size=&#8221;75px&#8221; header_letter_spacing=&#8221;3px&#8221; header_line_height=&#8221;1.3em&#8221; max_width=&#8221;800px&#8221; custom_margin=&#8221;40px|-100%|||false|false&#8221; custom_margin_tablet=&#8221;|0px|||false|false&#8221; custom_margin_phone=&#8221;||||false|false&#8221; custom_margin_last_edited=&#8221;on|tablet&#8221; text_font_size_tablet=&#8221;40px&#8221; text_font_size_phone=&#8221;24px&#8221; text_font_size_last_edited=&#8221;on|desktop&#8221; header_font_size_tablet=&#8221;40px&#8221; header_font_size_phone=&#8221;24px&#8221; header_font_size_last_edited=&#8221;on|desktop&#8221;]<\/p>\n<p>Get to know us and our unique history<\/p>\n<p>[\/et_pb_text][et_pb_button button_url=&#8221;#introduction&#8221; button_text=&#8221;Learn More&#8221; _builder_version=&#8221;4.6.5&#8243; custom_button=&#8221;on&#8221; button_text_size=&#8221;14px&#8221; button_text_color=&#8221;#000000&#8243; button_bg_color=&#8221;rgba(0,0,0,0)&#8221; button_border_width=&#8221;0px&#8221; button_border_radius=&#8221;0px&#8221; button_letter_spacing=&#8221;3px&#8221; button_font=&#8221;|600||on|||||&#8221; button_use_icon=&#8221;off&#8221; custom_margin_phone=&#8221;||60px||false|false&#8221; custom_margin_last_edited=&#8221;off|tablet&#8221; custom_padding=&#8221;10px|0px|10px|0px|true|true&#8221; box_shadow_style=&#8221;preset4&#8243; box_shadow_horizontal=&#8221;0px&#8221; box_shadow_vertical=&#8221;2px&#8221; box_shadow_color=&#8221;#000000&#8243; locked=&#8221;off&#8221; button_text_color__hover_enabled=&#8221;on|hover&#8221; button_text_color__hover=&#8221;rgba(0,0,0,0.6)&#8221; box_shadow_color__hover_enabled=&#8221;on|hover&#8221; box_shadow_color__hover=&#8221;rgba(0,0,0,0.6)&#8221;][\/et_pb_button][\/et_pb_column][et_pb_column type=&#8221;1_2&#8243; _builder_version=&#8221;4.4.4&#8243;][et_pb_image src=&#8221;http:\/\/dev.catarinazimbarra.com\/hotelconventosaopaulo\/wp-content\/uploads\/2020\/10\/about_3-1024&#215;680.jpg&#8221; title_text=&#8221;about_3&#8243; module_class=&#8221;heading-premium-primary-image&#8221; _builder_version=&#8221;4.6.5&#8243; max_height_tablet=&#8221;400px&#8221; max_height_phone=&#8221;&#8221; max_height_last_edited=&#8221;on|tablet&#8221; custom_margin_tablet=&#8221;40px||||false|false&#8221; custom_margin_phone=&#8221;&#8221; custom_margin_last_edited=&#8221;on|tablet&#8221;][\/et_pb_image][\/et_pb_column][\/et_pb_row][\/et_pb_section][et_pb_section fb_built=&#8221;1&#8243; admin_label=&#8221;About&#8221; module_id=&#8221;introduction&#8221; _builder_version=&#8221;4.6.5&#8243; background_color=&#8221;rgba(198,170,143,0.5)&#8221; custom_padding=&#8221;||100px||false|false&#8221; link_option_url=&#8221;introduction&#8221;][et_pb_row custom_padding_last_edited=&#8221;on|phone&#8221; _builder_version=&#8221;4.6.5&#8243; custom_padding=&#8221;130px|20px|90px|20px|false|true&#8221; custom_padding_tablet=&#8221;60px||60px||true|true&#8221; custom_padding_phone=&#8221;40px||40px||true|true&#8221; border_width_all=&#8221;4px&#8221; border_color_all=&#8221;#ffffff&#8221;][et_pb_column type=&#8221;4_4&#8243; _builder_version=&#8221;4.4.4&#8243;][et_pb_image src=&#8221;http:\/\/dev.catarinazimbarra.com\/hotelconventosaopaulo\/wp-content\/uploads\/2020\/10\/logo_hotel_square_white_anim1.png&#8221; title_text=&#8221;logo_hotel_square_white_anim1&#8243; align=&#8221;center&#8221; _builder_version=&#8221;4.6.5&#8243; vertical_offset=&#8221;70px&#8221; z_index=&#8221;1&#8243; position_origin_a_tablet=&#8221;&#8221; position_origin_a_phone=&#8221;&#8221; position_origin_a_last_edited=&#8221;on|desktop&#8221; position_origin_f_tablet=&#8221;&#8221; position_origin_f_phone=&#8221;&#8221; position_origin_f_last_edited=&#8221;on|desktop&#8221; position_origin_r_tablet=&#8221;&#8221; position_origin_r_phone=&#8221;&#8221; position_origin_r_last_edited=&#8221;on|desktop&#8221; height=&#8221;100px&#8221; positioning_tablet=&#8221;none&#8221; positioning_phone=&#8221;&#8221; positioning_last_edited=&#8221;on|phone&#8221; locked=&#8221;off&#8221;][\/et_pb_image][et_pb_text _builder_version=&#8221;4.7.4&#8243; header_2_font=&#8221;Antic Didone|||on|||||&#8221; header_2_font_size=&#8221;60px&#8221; header_2_letter_spacing=&#8221;3px&#8221; header_2_line_height=&#8221;1.3em&#8221; text_orientation=&#8221;center&#8221; max_width=&#8221;700px&#8221; module_alignment=&#8221;center&#8221; hover_enabled=&#8221;0&#8243; header_2_font_size_tablet=&#8221;40px&#8221; header_2_font_size_phone=&#8221;26px&#8221; header_2_font_size_last_edited=&#8221;on|phone&#8221; locked=&#8221;off&#8221; sticky_enabled=&#8221;0&#8243;]<\/p>\n<h2>A pioneering concept of<\/h2>\n<p>[\/et_pb_text][et_pb_text _builder_version=&#8221;4.7.4&#8243; text_line_height=&#8221;2.2em&#8221; header_4_font=&#8221;Antic Didone|||on|||||&#8221; header_4_text_color=&#8221;#000000&#8243; header_4_font_size=&#8221;20px&#8221; header_4_letter_spacing=&#8221;2px&#8221; header_4_line_height=&#8221;1.4em&#8221; text_orientation=&#8221;center&#8221; max_width=&#8221;75%&#8221; max_width_tablet=&#8221;&#8221; max_width_phone=&#8221;100%&#8221; max_width_last_edited=&#8221;on|phone&#8221; module_alignment=&#8221;center&#8221; hover_enabled=&#8221;0&#8243; text_font_size_tablet=&#8221;15px&#8221; text_font_size_phone=&#8221;14px&#8221; text_font_size_last_edited=&#8221;on|phone&#8221; header_4_font_size_tablet=&#8221;18px&#8221; header_4_font_size_phone=&#8221;&#8221; header_4_font_size_last_edited=&#8221;on|phone&#8221; text_orientation_tablet=&#8221;&#8221; text_orientation_phone=&#8221;justified&#8221; text_orientation_last_edited=&#8221;on|phone&#8221; locked=&#8221;off&#8221; sticky_enabled=&#8221;0&#8243;]<\/p>\n<h4>HOTEL &#8211; MUSEUM<\/h4>\n<p>There is a place where the tranquillity of Alentejo, the diversity of a mountain and the respect for heritage intersect, allowing a unique experience guided by the richness of the past, the authenticity of the region and the finesse of details that meet the 21st century needs.<br \/>Placed in Serra d\u2019Ossa, between Estremoz and Redondo, the Convento de S\u00e3o Paulo is a true work of art, perfectly preserved, where a collection of tiles worthy of a museum gallery is spread. The ancient cells of the monks, their corridors and fountains transport us to the 12th century, in a perfect and unforgettable way, alongside their gardens and two swimming pools that cross, into this historic space, a contemporary experience with haute cuisine, wines harmonization, a tennis court and walking programmes.<br \/>With a Clean &amp; Safe seal, the Convento de S\u00e3o Paulo is a perfect destination for those looking for a safe haven and live a ground-breaking concept that is to spend the night in a true museum and live the experience of a unique Alentejo.<\/p>\n<p>[\/et_pb_text][et_pb_button button_url=&#8221;#booking&#8221; button_text=&#8221;Book Your Stay&#8221; button_alignment=&#8221;center&#8221; _builder_version=&#8221;4.6.5&#8243; custom_button=&#8221;on&#8221; button_text_size=&#8221;14px&#8221; button_text_color=&#8221;#000000&#8243; button_bg_color=&#8221;rgba(0,0,0,0)&#8221; button_border_width=&#8221;0px&#8221; button_border_color=&#8221;#edf000&#8243; button_border_radius=&#8221;0px&#8221; button_letter_spacing=&#8221;3px&#8221; button_font=&#8221;|600||on|||||&#8221; button_use_icon=&#8221;off&#8221; custom_margin=&#8221;||||false|false&#8221; custom_padding=&#8221;10px|0px|10px|0px|true|true&#8221; box_shadow_style=&#8221;preset4&#8243; box_shadow_horizontal=&#8221;0px&#8221; box_shadow_vertical=&#8221;2px&#8221; box_shadow_color=&#8221;#000000&#8243; locked=&#8221;off&#8221; button_text_color__hover_enabled=&#8221;on|hover&#8221; button_text_color__hover=&#8221;#ffffff&#8221; box_shadow_color__hover_enabled=&#8221;on|hover&#8221; box_shadow_color__hover=&#8221;#ffffff&#8221;][\/et_pb_button][\/et_pb_column][\/et_pb_row][\/et_pb_section][et_pb_section fb_built=&#8221;1&#8243; module_class=&#8221;lft-rgt&#8221; _builder_version=&#8221;4.6.6&#8243; _module_preset=&#8221;default&#8221; custom_padding=&#8221;0px||0px||true|false&#8221;][et_pb_row column_structure=&#8221;1_2,1_2&#8243; use_custom_gutter=&#8221;on&#8221; gutter_width=&#8221;1&#8243; make_equal=&#8221;on&#8221; module_class=&#8221;lft-rgt&#8221; _builder_version=&#8221;4.6.6&#8243; _module_preset=&#8221;default&#8221; width=&#8221;100%&#8221; max_width=&#8221;100%&#8221; min_height=&#8221;66vh&#8221; custom_padding=&#8221;0px||0px||true|false&#8221;][et_pb_column type=&#8221;1_2&#8243; _builder_version=&#8221;4.6.6&#8243; _module_preset=&#8221;default&#8221; background_image=&#8221;http:\/\/dev.catarinazimbarra.com\/hotelconventosaopaulo\/wp-content\/uploads\/2020\/10\/D610461.jpg&#8221; parallax=&#8221;on&#8221;][\/et_pb_column][et_pb_column type=&#8221;1_2&#8243; _builder_version=&#8221;4.6.5&#8243; _module_preset=&#8221;default&#8221; custom_css_main_element=&#8221;display: flex;||align-items: center;&#8221;][et_pb_text _builder_version=&#8221;4.7.4&#8243; _module_preset=&#8221;default&#8221; header_2_font=&#8221;Gilda Display|||on|||||&#8221; header_2_text_color=&#8221;#000000&#8243; header_2_font_size=&#8221;2em&#8221; custom_padding=&#8221;10%|10%|10%|10%|true|true&#8221; hover_enabled=&#8221;0&#8243; header_2_text_align_tablet=&#8221;&#8221; header_2_text_align_phone=&#8221;center&#8221; header_2_text_align_last_edited=&#8221;on|phone&#8221; text_orientation_tablet=&#8221;&#8221; text_orientation_phone=&#8221;justified&#8221; text_orientation_last_edited=&#8221;on|phone&#8221; sticky_enabled=&#8221;0&#8243;]<\/p>\n<h2>The building<\/h2>\n<p>Placed in Serra d\u2019Ossa, between Estremoz and Redondo, the S\u00e3o Paulo Convent is now a sophisticated space and a must-visit. Built in 1182, in the heart of Alentejo, by the S\u00e3o Paulo Ermita Monk Order, it is one of the most iconic buildings of its time, once it still perfectly preserves some of its original features.<\/p>\n<p>True legends of the Portuguese History walked through its rooms and corridors, such as D. Sebasti\u00e3o, D. Jo\u00e3o IV and D. Catarina de Bragan\u00e7a. A good example of that is the canvas restored by the National Museum of Ancient Art of Lisbon, placed in the Convent\u2019s Library, which proofs that D.Sebasti\u00e3o&#8217;s visited this space, in the late 1577.<\/p>\n<p>[\/et_pb_text][\/et_pb_column][\/et_pb_row][et_pb_row column_structure=&#8221;1_2,1_2&#8243; use_custom_gutter=&#8221;on&#8221; gutter_width=&#8221;1&#8243; make_equal=&#8221;on&#8221; module_class=&#8221;lft-rgt&#8221; _builder_version=&#8221;4.6.6&#8243; _module_preset=&#8221;default&#8221; width=&#8221;100%&#8221; max_width=&#8221;100%&#8221; min_height=&#8221;66vh&#8221; custom_padding=&#8221;0px||0px||true|false&#8221;][et_pb_column type=&#8221;1_2&#8243; _builder_version=&#8221;4.6.5&#8243; _module_preset=&#8221;default&#8221; custom_css_main_element=&#8221;display: flex;||align-items: center;&#8221;][et_pb_text _builder_version=&#8221;4.7.4&#8243; _module_preset=&#8221;default&#8221; header_2_font=&#8221;Gilda Display|||on|||||&#8221; header_2_text_color=&#8221;#000000&#8243; header_2_font_size=&#8221;2em&#8221; custom_padding=&#8221;10%|10%|10%|10%|true|true&#8221; hover_enabled=&#8221;0&#8243; header_2_text_align_tablet=&#8221;&#8221; header_2_text_align_phone=&#8221;center&#8221; header_2_text_align_last_edited=&#8221;on|phone&#8221; text_orientation_tablet=&#8221;&#8221; text_orientation_phone=&#8221;justified&#8221; text_orientation_last_edited=&#8221;on|phone&#8221; header_2_2_text_align_phone=&#8221;center&#8221; header_3_2_text_align_phone=&#8221;center&#8221; header_4_2_text_align_phone=&#8221;center&#8221; header_5_2_text_align_phone=&#8221;center&#8221; header_6_2_text_align_phone=&#8221;center&#8221; header_2_2_text_align_last_edited=&#8221;on|phone&#8221; header_3_2_text_align_last_edited=&#8221;on|phone&#8221; header_4_2_text_align_last_edited=&#8221;on|phone&#8221; header_5_2_text_align_last_edited=&#8221;on|phone&#8221; header_6_2_text_align_last_edited=&#8221;on|phone&#8221; sticky_enabled=&#8221;0&#8243;]<\/p>\n<p>Stage of true stories and legends, the Convento de S\u00e3o Paulo becomes a unique destination, perfect for those looking for a place to rest and replace their energy, with maximum security and the recommended social distance.<\/p>\n<p>Composed by several rooms and some annexes, the Convento de S\u00e3o Paulo has become the perfect haven away from big cities. The gardens and open spaces allow safe spaces to exist, without having to cross paths with other guests.<\/p>\n<p>[\/et_pb_text][\/et_pb_column][et_pb_column type=&#8221;1_2&#8243; _builder_version=&#8221;4.6.6&#8243; _module_preset=&#8221;default&#8221; background_image=&#8221;http:\/\/dev.catarinazimbarra.com\/hotelconventosaopaulo\/wp-content\/uploads\/2020\/10\/D610410.jpg&#8221; parallax=&#8221;on&#8221;][\/et_pb_column][\/et_pb_row][et_pb_row column_structure=&#8221;1_2,1_2&#8243; use_custom_gutter=&#8221;on&#8221; gutter_width=&#8221;1&#8243; make_equal=&#8221;on&#8221; module_class=&#8221;lft-rgt&#8221; _builder_version=&#8221;4.6.5&#8243; _module_preset=&#8221;default&#8221; width=&#8221;100%&#8221; max_width=&#8221;100%&#8221; min_height=&#8221;66vh&#8221; custom_padding=&#8221;0px||0px||true|false&#8221;][et_pb_column type=&#8221;1_2&#8243; _builder_version=&#8221;4.6.5&#8243; _module_preset=&#8221;default&#8221; background_image=&#8221;http:\/\/dev.catarinazimbarra.com\/hotelconventosaopaulo\/wp-content\/uploads\/2020\/10\/DSC4791.jpg&#8221; parallax=&#8221;on&#8221;][\/et_pb_column][et_pb_column type=&#8221;1_2&#8243; _builder_version=&#8221;4.6.5&#8243; _module_preset=&#8221;default&#8221; custom_css_main_element=&#8221;display: flex;||align-items: center;&#8221;][et_pb_text _builder_version=&#8221;4.7.4&#8243; _module_preset=&#8221;default&#8221; header_2_font=&#8221;Gilda Display|||on|||||&#8221; header_2_text_color=&#8221;#000000&#8243; header_2_font_size=&#8221;2em&#8221; custom_padding=&#8221;10%|10%|10%|10%|true|true&#8221; hover_enabled=&#8221;0&#8243; header_2_text_align_tablet=&#8221;&#8221; header_2_text_align_phone=&#8221;center&#8221; header_2_text_align_last_edited=&#8221;on|phone&#8221; text_orientation_tablet=&#8221;&#8221; text_orientation_phone=&#8221;justified&#8221; text_orientation_last_edited=&#8221;on|phone&#8221; header_2_2_text_align_phone=&#8221;center&#8221; header_3_2_text_align_phone=&#8221;center&#8221; header_4_2_text_align_phone=&#8221;center&#8221; header_5_2_text_align_phone=&#8221;center&#8221; header_6_2_text_align_phone=&#8221;center&#8221; header_2_2_text_align_last_edited=&#8221;on|phone&#8221; header_3_2_text_align_last_edited=&#8221;on|phone&#8221; header_4_2_text_align_last_edited=&#8221;on|phone&#8221; header_5_2_text_align_last_edited=&#8221;on|phone&#8221; header_6_2_text_align_last_edited=&#8221;on|phone&#8221; sticky_enabled=&#8221;0&#8243;]<\/p>\n<h2><span>Tiles<\/span><span style=\"font-size: 16px;\">\u00a0<\/span><\/h2>\n<p>The walls of the Convento de S\u00e3o Paulo are made up by 54 thousand tiles. Known as the largest private collection in the country, the cobalt blue that covers the convent&#8217;s corridors and staircases date back to the reigns of D. Jo\u00e3o V (1706-1750) and D. Jos\u00e9 I (1750-1777), and shapes a monumental ensemble produced by the best workshops in Lisbon.<br \/>Part of this collection was commissioned by patrons for specific spaces in the Convent, such as those in Capela do Bispo where it is possible to recognize the signature of Ant\u00f3nio de Oliveira Bernardes, or those in the Chapel of Nossa Senhora da Concei\u00e7\u00e3o, whose authorship belongs to Gabriel del Barco. However, most panels are the work of an unknown author, who only signed with the monogram of P.M.P and is behind an outstanding work of craftsmanship.<\/p>\n<p>[\/et_pb_text][\/et_pb_column][\/et_pb_row][et_pb_row column_structure=&#8221;1_2,1_2&#8243; use_custom_gutter=&#8221;on&#8221; gutter_width=&#8221;1&#8243; make_equal=&#8221;on&#8221; module_class=&#8221;lft-rgt&#8221; _builder_version=&#8221;4.7.4&#8243; _module_preset=&#8221;default&#8221; width=&#8221;100%&#8221; max_width=&#8221;100%&#8221; min_height=&#8221;66vh&#8221; custom_padding=&#8221;0px||0px||true|false&#8221; hover_enabled=&#8221;0&#8243; sticky_enabled=&#8221;0&#8243;][et_pb_column type=&#8221;1_2&#8243; _builder_version=&#8221;4.6.5&#8243; _module_preset=&#8221;default&#8221; custom_css_main_element=&#8221;display: flex;||align-items: center;&#8221;][et_pb_text _builder_version=&#8221;4.7.4&#8243; _module_preset=&#8221;default&#8221; header_2_font=&#8221;Gilda Display|||on|||||&#8221; header_2_text_color=&#8221;#000000&#8243; header_2_font_size=&#8221;2em&#8221; custom_padding=&#8221;10%|10%|10%|10%|true|true&#8221; hover_enabled=&#8221;0&#8243; header_2_text_align_tablet=&#8221;&#8221; header_2_text_align_phone=&#8221;center&#8221; header_2_text_align_last_edited=&#8221;on|phone&#8221; text_orientation_tablet=&#8221;&#8221; text_orientation_phone=&#8221;justified&#8221; text_orientation_last_edited=&#8221;on|phone&#8221; header_2_2_text_align_phone=&#8221;center&#8221; header_3_2_text_align_phone=&#8221;center&#8221; header_4_2_text_align_phone=&#8221;center&#8221; header_5_2_text_align_phone=&#8221;center&#8221; header_6_2_text_align_phone=&#8221;center&#8221; header_2_2_text_align_last_edited=&#8221;on|phone&#8221; header_3_2_text_align_last_edited=&#8221;on|phone&#8221; header_4_2_text_align_last_edited=&#8221;on|phone&#8221; header_5_2_text_align_last_edited=&#8221;on|phone&#8221; header_6_2_text_align_last_edited=&#8221;on|phone&#8221; sticky_enabled=&#8221;0&#8243;]<\/p>\n<h2>Fountains and Terracotta<\/h2>\n<p>The Florentine fountains are another icon of the Convent and can be found both inside and outside. The Lion Fountain, next to the main entrance, was a destination for pilgrimages for several years. In the Four Seasons Garden, lies the Fountain of the Dragon, classified as a National Monument. The Portaria Nova (New Entrance) is where it is possible to find the Fountain of Dolphins, which dates back to the second half of the 18th\u00a0century. The Garden of Novices is another of the Convent&#8217;s iconic spaces. Also adorned with a fountain, the Terracotta features a highlighted position, with sculptures that can be found in its niches, from the 19th\u00a0century.<\/p>\n<p>[\/et_pb_text][\/et_pb_column][et_pb_column type=&#8221;1_2&#8243; _builder_version=&#8221;4.7.4&#8243; _module_preset=&#8221;default&#8221; background_image=&#8221;http:\/\/dev.catarinazimbarra.com\/hotelconventosaopaulo\/wp-content\/uploads\/2020\/12\/D610361.jpg&#8221; parallax=&#8221;on&#8221; hover_enabled=&#8221;0&#8243; title_text=&#8221;#_D610361&#8243; sticky_enabled=&#8221;0&#8243;][\/et_pb_column][\/et_pb_row][\/et_pb_section]<\/p>\n","protected":false},"excerpt":{"rendered":"<p>[et_pb_section fb_built=&#8221;1&#8243; admin_label=&#8221;Layout Group I&#8221; module_class=&#8221;heading-premium&#8221; _builder_version=&#8221;4.6.6&#8243; custom_padding=&#8221;0px|||||&#8221; saved_tabs=&#8221;all&#8221;][et_pb_row column_structure=&#8221;1_2,1_2&#8243; use_custom_gutter=&#8221;on&#8221; gutter_width=&#8221;1&#8243; _builder_version=&#8221;4.4.4&#8243; max_width=&#8221;1240px&#8221; custom_padding=&#8221;0px||0px|||&#8221;][et_pb_column type=&#8221;1_2&#8243; _builder_version=&#8221;4.4.4&#8243; z_index=&#8221;10&#8243;][et_pb_image src=&#8221;http:\/\/dev.catarinazimbarra.com\/hotelconventosaopaulo\/wp-content\/uploads\/2020\/10\/about_2-1024&#215;680.jpg&#8221; title_text=&#8221;about_2&#8243; align=&#8221;right&#8221; align_tablet=&#8221;left&#8221; align_phone=&#8221;&#8221; align_last_edited=&#8221;on|phone&#8221; module_class=&#8221;heading-premium-secondary-image&#8221; _builder_version=&#8221;4.6.5&#8243; max_width=&#8221;50%&#8221; max_width_tablet=&#8221;&#8221; max_width_phone=&#8221;&#8221; max_width_last_edited=&#8221;on|tablet&#8221; max_height_tablet=&#8221;150px&#8221; max_height_phone=&#8221;150px&#8221; max_height_last_edited=&#8221;on|phone&#8221;][\/et_pb_image][et_pb_text module_class=&#8221;heading-premium-title&#8221; _builder_version=&#8221;4.6.5&#8243; text_font=&#8221;Gilda Display|||on|||||&#8221; text_text_color=&#8221;#000000&#8243; text_font_size=&#8221;75px&#8221; text_letter_spacing=&#8221;3px&#8221; text_line_height=&#8221;1.3em&#8221; header_font=&#8221;Gilda Display|||on|||||&#8221; header_text_color=&#8221;#000000&#8243; header_font_size=&#8221;75px&#8221; header_letter_spacing=&#8221;3px&#8221; header_line_height=&#8221;1.3em&#8221; max_width=&#8221;800px&#8221; custom_margin=&#8221;40px|-100%|||false|false&#8221; custom_margin_tablet=&#8221;|0px|||false|false&#8221; custom_margin_phone=&#8221;||||false|false&#8221; custom_margin_last_edited=&#8221;on|tablet&#8221; text_font_size_tablet=&#8221;40px&#8221; text_font_size_phone=&#8221;24px&#8221; text_font_size_last_edited=&#8221;on|desktop&#8221; [&hellip;]<\/p>\n","protected":false},"author":1,"featured_media":0,"parent":0,"menu_order":0,"comment_status":"closed","ping_status":"closed","template":"","meta":{"_et_pb_use_builder":"on","_et_pb_old_content":"","_et_gb_content_width":"","spay_email":""},"_links":{"self":[{"href":"http:\/\/dev.catarinazimbarra.com\/hotelconventosaopaulo\/wp-json\/wp\/v2\/pages\/12"}],"collection":[{"href":"http:\/\/dev.catarinazimbarra.com\/hotelconventosaopaulo\/wp-json\/wp\/v2\/pages"}],"about":[{"href":"http:\/\/dev.catarinazimbarra.com\/hotelconventosaopaulo\/wp-json\/wp\/v2\/types\/page"}],"author":[{"embeddable":true,"href":"http:\/\/dev.catarinazimbarra.com\/hotelconventosaopaulo\/wp-json\/wp\/v2\/users\/1"}],"replies":[{"embeddable":true,"href":"http:\/\/dev.catarinazimbarra.com\/hotelconventosaopaulo\/wp-json\/wp\/v2\/comments?post=12"}],"version-history":[{"count":45,"href":"http:\/\/dev.catarinazimbarra.com\/hotelconventosaopaulo\/wp-json\/wp\/v2\/pages\/12\/revisions"}],"predecessor-version":[{"id":1327,"href":"http:\/\/dev.catarinazimbarra.com\/hotelconventosaopaulo\/wp-json\/wp\/v2\/pages\/12\/revisions\/1327"}],"wp:attachment":[{"href":"http:\/\/dev.catarinazimbarra.com\/hotelconventosaopaulo\/wp-json\/wp\/v2\/media?parent=12"}],"curies":[{"name":"wp","href":"https:\/\/api.w.org\/{rel}","templated":true}]}}