{"id":1380,"date":"2020-12-10T12:46:26","date_gmt":"2020-12-10T12:46:26","guid":{"rendered":"http:\/\/dev.catarinazimbarra.com\/hotelconventosaopaulo\/quem-somos\/"},"modified":"2020-12-17T12:45:20","modified_gmt":"2020-12-17T12:45:20","slug":"quem-somos","status":"publish","type":"page","link":"http:\/\/dev.catarinazimbarra.com\/hotelconventosaopaulo\/quem-somos\/?lang=pt-pt","title":{"rendered":"Quem somos"},"content":{"rendered":"<p>[et_pb_section fb_built=&#8221;1&#8243; admin_label=&#8221;Layout Group I&#8221; module_class=&#8221;heading-premium&#8221; _builder_version=&#8221;4.6.6&#8243; custom_padding=&#8221;0px|||||&#8221; saved_tabs=&#8221;all&#8221;][et_pb_row column_structure=&#8221;1_2,1_2&#8243; use_custom_gutter=&#8221;on&#8221; gutter_width=&#8221;1&#8243; _builder_version=&#8221;4.4.4&#8243; max_width=&#8221;1240px&#8221; custom_padding=&#8221;0px||0px|||&#8221;][et_pb_column type=&#8221;1_2&#8243; _builder_version=&#8221;4.4.4&#8243; z_index=&#8221;10&#8243;][et_pb_image src=&#8221;http:\/\/dev.catarinazimbarra.com\/hotelconventosaopaulo\/wp-content\/uploads\/2020\/10\/about_2-1024&#215;680.jpg&#8221; title_text=&#8221;about_2&#8243; align=&#8221;right&#8221; align_tablet=&#8221;left&#8221; align_phone=&#8221;&#8221; align_last_edited=&#8221;on|phone&#8221; module_class=&#8221;heading-premium-secondary-image&#8221; _builder_version=&#8221;4.6.5&#8243; max_width=&#8221;50%&#8221; max_width_tablet=&#8221;&#8221; max_width_phone=&#8221;&#8221; max_width_last_edited=&#8221;on|tablet&#8221; max_height_tablet=&#8221;150px&#8221; max_height_phone=&#8221;150px&#8221; max_height_last_edited=&#8221;on|phone&#8221;][\/et_pb_image][et_pb_text module_class=&#8221;heading-premium-title&#8221; _builder_version=&#8221;4.6.5&#8243; text_font=&#8221;Gilda Display|||on|||||&#8221; text_text_color=&#8221;#000000&#8243; text_font_size=&#8221;75px&#8221; text_letter_spacing=&#8221;3px&#8221; text_line_height=&#8221;1.3em&#8221; header_font=&#8221;Gilda Display|||on|||||&#8221; header_text_color=&#8221;#000000&#8243; header_font_size=&#8221;75px&#8221; header_letter_spacing=&#8221;3px&#8221; header_line_height=&#8221;1.3em&#8221; max_width=&#8221;800px&#8221; custom_margin=&#8221;40px|-100%|||false|false&#8221; custom_margin_tablet=&#8221;|0px|||false|false&#8221; custom_margin_phone=&#8221;||||false|false&#8221; custom_margin_last_edited=&#8221;on|tablet&#8221; text_font_size_tablet=&#8221;40px&#8221; text_font_size_phone=&#8221;24px&#8221; text_font_size_last_edited=&#8221;on|desktop&#8221; header_font_size_tablet=&#8221;40px&#8221; header_font_size_phone=&#8221;24px&#8221; header_font_size_last_edited=&#8221;on|desktop&#8221;]<\/p>\n<p>Get to know us and our unique history<\/p>\n<p>[\/et_pb_text][et_pb_button button_url=&#8221;#introduction&#8221; button_text=&#8221;Saiba mais&#8221; _builder_version=&#8221;4.6.5&#8243; custom_button=&#8221;on&#8221; button_text_size=&#8221;14px&#8221; button_text_color=&#8221;#000000&#8243; button_bg_color=&#8221;rgba(0,0,0,0)&#8221; button_border_width=&#8221;0px&#8221; button_border_radius=&#8221;0px&#8221; button_letter_spacing=&#8221;3px&#8221; button_font=&#8221;|600||on|||||&#8221; button_use_icon=&#8221;off&#8221; custom_margin_phone=&#8221;||60px||false|false&#8221; custom_margin_last_edited=&#8221;off|tablet&#8221; custom_padding=&#8221;10px|0px|10px|0px|true|true&#8221; box_shadow_style=&#8221;preset4&#8243; box_shadow_horizontal=&#8221;0px&#8221; box_shadow_vertical=&#8221;2px&#8221; box_shadow_color=&#8221;#000000&#8243; locked=&#8221;off&#8221; button_text_color__hover_enabled=&#8221;on|hover&#8221; button_text_color__hover=&#8221;rgba(0,0,0,0.6)&#8221; box_shadow_color__hover_enabled=&#8221;on|hover&#8221; box_shadow_color__hover=&#8221;rgba(0,0,0,0.6)&#8221;][\/et_pb_button][\/et_pb_column][et_pb_column type=&#8221;1_2&#8243; _builder_version=&#8221;4.4.4&#8243;][et_pb_image src=&#8221;http:\/\/dev.catarinazimbarra.com\/hotelconventosaopaulo\/wp-content\/uploads\/2020\/10\/about_3-1024&#215;680.jpg&#8221; title_text=&#8221;about_3&#8243; module_class=&#8221;heading-premium-primary-image&#8221; _builder_version=&#8221;4.6.5&#8243; max_height_tablet=&#8221;400px&#8221; max_height_phone=&#8221;&#8221; max_height_last_edited=&#8221;on|tablet&#8221; custom_margin_tablet=&#8221;40px||||false|false&#8221; custom_margin_phone=&#8221;&#8221; custom_margin_last_edited=&#8221;on|tablet&#8221;][\/et_pb_image][\/et_pb_column][\/et_pb_row][\/et_pb_section][et_pb_section fb_built=&#8221;1&#8243; admin_label=&#8221;About&#8221; module_id=&#8221;introduction&#8221; _builder_version=&#8221;4.6.5&#8243; background_color=&#8221;rgba(198,170,143,0.5)&#8221; custom_padding=&#8221;||100px||false|false&#8221; link_option_url=&#8221;introduction&#8221;][et_pb_row custom_padding_last_edited=&#8221;on|phone&#8221; _builder_version=&#8221;4.6.5&#8243; custom_padding=&#8221;130px|20px|90px|20px|false|true&#8221; custom_padding_tablet=&#8221;60px||60px||true|true&#8221; custom_padding_phone=&#8221;40px||40px||true|true&#8221; border_width_all=&#8221;4px&#8221; border_color_all=&#8221;#ffffff&#8221;][et_pb_column type=&#8221;4_4&#8243; _builder_version=&#8221;4.4.4&#8243;][et_pb_image src=&#8221;http:\/\/dev.catarinazimbarra.com\/hotelconventosaopaulo\/wp-content\/uploads\/2020\/10\/logo_hotel_square_white_anim1.png&#8221; title_text=&#8221;logo_hotel_square_white_anim1&#8243; align=&#8221;center&#8221; _builder_version=&#8221;4.6.5&#8243; vertical_offset=&#8221;70px&#8221; z_index=&#8221;1&#8243; position_origin_a_tablet=&#8221;&#8221; position_origin_a_phone=&#8221;&#8221; position_origin_a_last_edited=&#8221;on|desktop&#8221; position_origin_f_tablet=&#8221;&#8221; position_origin_f_phone=&#8221;&#8221; position_origin_f_last_edited=&#8221;on|desktop&#8221; position_origin_r_tablet=&#8221;&#8221; position_origin_r_phone=&#8221;&#8221; position_origin_r_last_edited=&#8221;on|desktop&#8221; height=&#8221;100px&#8221; positioning_tablet=&#8221;none&#8221; positioning_phone=&#8221;&#8221; positioning_last_edited=&#8221;on|phone&#8221; locked=&#8221;off&#8221;][\/et_pb_image][et_pb_text _builder_version=&#8221;4.7.4&#8243; header_2_font=&#8221;Antic Didone|||on|||||&#8221; header_2_font_size=&#8221;60px&#8221; header_2_letter_spacing=&#8221;3px&#8221; header_2_line_height=&#8221;1.3em&#8221; text_orientation=&#8221;center&#8221; max_width=&#8221;700px&#8221; module_alignment=&#8221;center&#8221; header_2_font_size_tablet=&#8221;40px&#8221; header_2_font_size_phone=&#8221;26px&#8221; header_2_font_size_last_edited=&#8221;on|phone&#8221; locked=&#8221;off&#8221;]<\/p>\n<h2>Um conceito inovador de<\/h2>\n<p>[\/et_pb_text][et_pb_text _builder_version=&#8221;4.7.4&#8243; text_line_height=&#8221;2.2em&#8221; header_4_font=&#8221;Antic Didone|||on|||||&#8221; header_4_text_color=&#8221;#000000&#8243; header_4_font_size=&#8221;20px&#8221; header_4_letter_spacing=&#8221;2px&#8221; header_4_line_height=&#8221;1.4em&#8221; text_orientation=&#8221;center&#8221; max_width=&#8221;75%&#8221; max_width_tablet=&#8221;&#8221; max_width_phone=&#8221;100%&#8221; max_width_last_edited=&#8221;on|phone&#8221; module_alignment=&#8221;center&#8221; text_font_size_tablet=&#8221;15px&#8221; text_font_size_phone=&#8221;14px&#8221; text_font_size_last_edited=&#8221;on|phone&#8221; header_4_font_size_tablet=&#8221;18px&#8221; header_4_font_size_phone=&#8221;&#8221; header_4_font_size_last_edited=&#8221;on|phone&#8221; text_orientation_tablet=&#8221;&#8221; text_orientation_phone=&#8221;justified&#8221; text_orientation_last_edited=&#8221;on|phone&#8221; locked=&#8221;off&#8221;]<\/p>\n<h4>HOTEL &#8211; MUSEU<\/h4>\n<p>H\u00e1 um lugar onde a serenidade do Alentejo, a diversidade de uma serra e o respeito pelo patrim\u00f3nio se cruzam, permitindo uma experi\u00eancia \u00fanica pautada pela riqueza do passado, pela autenticidade da regi\u00e3o e pelo requinte nos detalhes que responde \u00e0s exig\u00eancias do s\u00e9culo XXI. <br \/>Localizado na Serra d\u2019Ossa, entre Estremoz e Redondo, o Convento de S\u00e3o Paulo \u00e9 uma verdadeira obra de arte, perfeitamente conservada, onde se estende uma cole\u00e7\u00e3o de azulejos digna de uma galeria museol\u00f3gica. As antigas celas dos monges, os seus corredores e fontan\u00e1rios transportam-nos ao s\u00e9culo XII, de uma forma perfeita e inesquec\u00edvel, a par dos seus jardins e duas piscinas que cruzam, neste espa\u00e7o hist\u00f3rico, uma experi\u00eancia tamb\u00e9m contempor\u00e2nea com alta gastronomia, harmoniza\u00e7\u00e3o de vinhos, court de t\u00e9nis e programa de percursos pedestres. <br \/>Com selo Clean &amp; Safe, o Convento de S\u00e3o Paulo \u00e9 um destino perfeito para quem procura um ref\u00fagio seguro e viver um conceito inovador que \u00e9 pernoitar num verdadeiro museu e viver a experi\u00eancia de um Alentejo singular. <\/p>\n<p>[\/et_pb_text][et_pb_button button_url=&#8221;#booking&#8221; button_text=&#8221;Reserve a sua estadia&#8221; button_alignment=&#8221;center&#8221; _builder_version=&#8221;4.6.5&#8243; custom_button=&#8221;on&#8221; button_text_size=&#8221;14px&#8221; button_text_color=&#8221;#000000&#8243; button_bg_color=&#8221;rgba(0,0,0,0)&#8221; button_border_width=&#8221;0px&#8221; button_border_color=&#8221;#edf000&#8243; button_border_radius=&#8221;0px&#8221; button_letter_spacing=&#8221;3px&#8221; button_font=&#8221;|600||on|||||&#8221; button_use_icon=&#8221;off&#8221; custom_margin=&#8221;||||false|false&#8221; custom_padding=&#8221;10px|0px|10px|0px|true|true&#8221; box_shadow_style=&#8221;preset4&#8243; box_shadow_horizontal=&#8221;0px&#8221; box_shadow_vertical=&#8221;2px&#8221; box_shadow_color=&#8221;#000000&#8243; locked=&#8221;off&#8221; button_text_color__hover_enabled=&#8221;on|hover&#8221; button_text_color__hover=&#8221;#ffffff&#8221; box_shadow_color__hover_enabled=&#8221;on|hover&#8221; box_shadow_color__hover=&#8221;#ffffff&#8221;][\/et_pb_button][\/et_pb_column][\/et_pb_row][\/et_pb_section][et_pb_section fb_built=&#8221;1&#8243; module_class=&#8221;lft-rgt&#8221; _builder_version=&#8221;4.6.6&#8243; _module_preset=&#8221;default&#8221; custom_padding=&#8221;0px||0px||true|false&#8221;][et_pb_row column_structure=&#8221;1_2,1_2&#8243; use_custom_gutter=&#8221;on&#8221; gutter_width=&#8221;1&#8243; make_equal=&#8221;on&#8221; module_class=&#8221;lft-rgt&#8221; _builder_version=&#8221;4.6.6&#8243; _module_preset=&#8221;default&#8221; width=&#8221;100%&#8221; max_width=&#8221;100%&#8221; min_height=&#8221;66vh&#8221; custom_padding=&#8221;0px||0px||true|false&#8221;][et_pb_column type=&#8221;1_2&#8243; _builder_version=&#8221;4.6.6&#8243; _module_preset=&#8221;default&#8221; background_image=&#8221;http:\/\/dev.catarinazimbarra.com\/hotelconventosaopaulo\/wp-content\/uploads\/2020\/10\/D610461.jpg&#8221; parallax=&#8221;on&#8221;][\/et_pb_column][et_pb_column type=&#8221;1_2&#8243; _builder_version=&#8221;4.6.5&#8243; _module_preset=&#8221;default&#8221; custom_css_main_element=&#8221;display: flex;||align-items: center;&#8221;][et_pb_text _builder_version=&#8221;4.7.4&#8243; _module_preset=&#8221;default&#8221; header_2_font=&#8221;Gilda Display|||on|||||&#8221; header_2_text_color=&#8221;#000000&#8243; header_2_font_size=&#8221;2em&#8221; custom_padding=&#8221;10%|10%|10%|10%|true|true&#8221; header_2_text_align_tablet=&#8221;&#8221; header_2_text_align_phone=&#8221;center&#8221; header_2_text_align_last_edited=&#8221;on|phone&#8221; text_orientation_tablet=&#8221;&#8221; text_orientation_phone=&#8221;justified&#8221; text_orientation_last_edited=&#8221;on|phone&#8221;]<\/p>\n<h2>O Edif\u00edcio<\/h2>\n<p>Localizado na Serra d\u2019Ossa, entre Estremoz e Redondo, o Convento de S\u00e3o Paulo \u00e9 agora um espa\u00e7o requintado e de visita obrigat\u00f3ria. Erguido no ano de 1182, em pleno Alentejo, por monges pertencentes \u00e0 ordem de S\u00e3o Paulo Ermita, \u00e9 um dos edif\u00edcios mais ic\u00f3nicos da sua \u00e9poca, sobretudo por ainda preservar, de forma perfeita, alguns dos seus tra\u00e7os originais. <br \/>Pelos seus quartos e corredores passaram verdadeiras lendas da Hist\u00f3ria de Portugal, como D. Sebasti\u00e3o, D. Jo\u00e3o IV e D. Catarina de Bragan\u00e7a. Prova disso \u00e9 a tela restaurada pelo Museu Nacional de Arte Antiga de Lisboa, existente na Biblioteca do Convento, que atesta a passagem de Sebasti\u00e3o por este espa\u00e7o, nos finais de 1577.<\/p>\n<p>[\/et_pb_text][\/et_pb_column][\/et_pb_row][et_pb_row column_structure=&#8221;1_2,1_2&#8243; use_custom_gutter=&#8221;on&#8221; gutter_width=&#8221;1&#8243; make_equal=&#8221;on&#8221; module_class=&#8221;lft-rgt&#8221; _builder_version=&#8221;4.6.6&#8243; _module_preset=&#8221;default&#8221; width=&#8221;100%&#8221; max_width=&#8221;100%&#8221; min_height=&#8221;66vh&#8221; custom_padding=&#8221;0px||0px||true|false&#8221;][et_pb_column type=&#8221;1_2&#8243; _builder_version=&#8221;4.6.5&#8243; _module_preset=&#8221;default&#8221; custom_css_main_element=&#8221;display: flex;||align-items: center;&#8221;][et_pb_text _builder_version=&#8221;4.7.4&#8243; _module_preset=&#8221;default&#8221; header_2_font=&#8221;Gilda Display|||on|||||&#8221; header_2_text_color=&#8221;#000000&#8243; header_2_font_size=&#8221;2em&#8221; custom_padding=&#8221;10%|10%|10%|10%|true|true&#8221; header_2_text_align_tablet=&#8221;&#8221; header_2_text_align_phone=&#8221;center&#8221; header_2_text_align_last_edited=&#8221;on|phone&#8221; text_orientation_tablet=&#8221;&#8221; text_orientation_phone=&#8221;justified&#8221; text_orientation_last_edited=&#8221;on|phone&#8221; header_2_2_text_align_phone=&#8221;center&#8221; header_3_2_text_align_phone=&#8221;center&#8221; header_4_2_text_align_phone=&#8221;center&#8221; header_5_2_text_align_phone=&#8221;center&#8221; header_6_2_text_align_phone=&#8221;center&#8221; header_2_2_text_align_last_edited=&#8221;on|phone&#8221; header_3_2_text_align_last_edited=&#8221;on|phone&#8221; header_4_2_text_align_last_edited=&#8221;on|phone&#8221; header_5_2_text_align_last_edited=&#8221;on|phone&#8221; header_6_2_text_align_last_edited=&#8221;on|phone&#8221;]<\/p>\n<p>Palco de verdadeiras hist\u00f3rias e lendas, o Convento de S\u00e3o Paulo torna-se assim um destino \u00edmpar, perfeito para quem procura um espa\u00e7o para descansar e repor energias, com a m\u00e1xima seguran\u00e7a e o distanciamento social recomendado. <br \/>Composto por diversos quartos e alguns em anexos, o Convento de S\u00e3o Paulo transformou-se no ref\u00fagio perfeito longe das grandes cidades. Os jardins e espa\u00e7os abertos permitem a que existam espa\u00e7os seguros, sem que seja obrigat\u00f3rio cruzar-se com outros h\u00f3spedes no mesmo espa\u00e7o.<\/p>\n<p>[\/et_pb_text][\/et_pb_column][et_pb_column type=&#8221;1_2&#8243; _builder_version=&#8221;4.6.6&#8243; _module_preset=&#8221;default&#8221; background_image=&#8221;http:\/\/dev.catarinazimbarra.com\/hotelconventosaopaulo\/wp-content\/uploads\/2020\/10\/D610410.jpg&#8221; parallax=&#8221;on&#8221;][\/et_pb_column][\/et_pb_row][et_pb_row column_structure=&#8221;1_2,1_2&#8243; use_custom_gutter=&#8221;on&#8221; gutter_width=&#8221;1&#8243; make_equal=&#8221;on&#8221; module_class=&#8221;lft-rgt&#8221; _builder_version=&#8221;4.7.6&#8243; _module_preset=&#8221;default&#8221; width=&#8221;100%&#8221; max_width=&#8221;100%&#8221; min_height=&#8221;66vh&#8221; custom_padding=&#8221;0px||0px||true|false&#8221; hover_enabled=&#8221;0&#8243; sticky_enabled=&#8221;0&#8243;][et_pb_column type=&#8221;1_2&#8243; _builder_version=&#8221;4.7.6&#8243; _module_preset=&#8221;default&#8221; background_image=&#8221;http:\/\/dev.catarinazimbarra.com\/hotelconventosaopaulo\/wp-content\/uploads\/2020\/12\/GBD3156.jpg&#8221; parallax=&#8221;on&#8221; hover_enabled=&#8221;0&#8243; sticky_enabled=&#8221;0&#8243;][\/et_pb_column][et_pb_column type=&#8221;1_2&#8243; _builder_version=&#8221;4.6.5&#8243; _module_preset=&#8221;default&#8221; custom_css_main_element=&#8221;display: flex;||align-items: center;&#8221;][et_pb_text _builder_version=&#8221;4.7.4&#8243; _module_preset=&#8221;default&#8221; header_2_font=&#8221;Gilda Display|||on|||||&#8221; header_2_text_color=&#8221;#000000&#8243; header_2_font_size=&#8221;2em&#8221; custom_padding=&#8221;10%|10%|10%|10%|true|true&#8221; header_2_text_align_tablet=&#8221;&#8221; header_2_text_align_phone=&#8221;center&#8221; header_2_text_align_last_edited=&#8221;on|phone&#8221; text_orientation_tablet=&#8221;&#8221; text_orientation_phone=&#8221;justified&#8221; text_orientation_last_edited=&#8221;on|phone&#8221; header_2_2_text_align_phone=&#8221;center&#8221; header_3_2_text_align_phone=&#8221;center&#8221; header_4_2_text_align_phone=&#8221;center&#8221; header_5_2_text_align_phone=&#8221;center&#8221; header_6_2_text_align_phone=&#8221;center&#8221; header_2_2_text_align_last_edited=&#8221;on|phone&#8221; header_3_2_text_align_last_edited=&#8221;on|phone&#8221; header_4_2_text_align_last_edited=&#8221;on|phone&#8221; header_5_2_text_align_last_edited=&#8221;on|phone&#8221; header_6_2_text_align_last_edited=&#8221;on|phone&#8221;]<\/p>\n<h2>Azulejos<span style=\"font-size: 16px;\">\u00a0<\/span><\/h2>\n<p>S\u00e3o 54 mil os azulejos que comp\u00f5e as paredes do Convento de S\u00e3o Paulo. Apontada como a maior cole\u00e7\u00e3o privada do Pa\u00eds, o azul-cobalto que cobre os corredores e escadarias do convento data dos reinados de D. Jo\u00e3o V (1706-1750) e D. Jos\u00e9 I (1750-1777), e configura um conjunto monumental produzidos pelas melhores oficinas da cidade de Lisboa. <br \/>Parte desta cole\u00e7\u00e3o foi encomendada por patronos para espa\u00e7os espec\u00edficos do Convento, como os da Capela do Bispo onde \u00e9 poss\u00edvel reconhecer a assinatura de Ant\u00f3nio de Oliveira Bernardes ou os da Capela de Nossa Senhora da Concei\u00e7\u00e3o, cuja autoria \u00e9 atribu\u00edda a Gabriel del Barco. No entanto, a maioria dos pain\u00e9is \u00e9 de autoria desconhecida, apenas assinado com o monograma de P.M.P e constituem um caso not\u00e1vel de azulejaria.\u00a0<\/p>\n<p>[\/et_pb_text][\/et_pb_column][\/et_pb_row][et_pb_row column_structure=&#8221;1_2,1_2&#8243; use_custom_gutter=&#8221;on&#8221; gutter_width=&#8221;1&#8243; make_equal=&#8221;on&#8221; module_class=&#8221;lft-rgt&#8221; _builder_version=&#8221;4.7.6&#8243; _module_preset=&#8221;default&#8221; width=&#8221;100%&#8221; max_width=&#8221;100%&#8221; min_height=&#8221;66vh&#8221; custom_padding=&#8221;0px||0px||true|false&#8221; hover_enabled=&#8221;0&#8243; sticky_enabled=&#8221;0&#8243;][et_pb_column type=&#8221;1_2&#8243; _builder_version=&#8221;4.6.5&#8243; _module_preset=&#8221;default&#8221; custom_css_main_element=&#8221;display: flex;||align-items: center;&#8221;][et_pb_text _builder_version=&#8221;4.7.4&#8243; _module_preset=&#8221;default&#8221; header_2_font=&#8221;Gilda Display|||on|||||&#8221; header_2_text_color=&#8221;#000000&#8243; header_2_font_size=&#8221;2em&#8221; custom_padding=&#8221;10%|10%|10%|10%|true|true&#8221; header_2_text_align_tablet=&#8221;&#8221; header_2_text_align_phone=&#8221;center&#8221; header_2_text_align_last_edited=&#8221;on|phone&#8221; text_orientation_tablet=&#8221;&#8221; text_orientation_phone=&#8221;justified&#8221; text_orientation_last_edited=&#8221;on|phone&#8221; header_2_2_text_align_phone=&#8221;center&#8221; header_3_2_text_align_phone=&#8221;center&#8221; header_4_2_text_align_phone=&#8221;center&#8221; header_5_2_text_align_phone=&#8221;center&#8221; header_6_2_text_align_phone=&#8221;center&#8221; header_2_2_text_align_last_edited=&#8221;on|phone&#8221; header_3_2_text_align_last_edited=&#8221;on|phone&#8221; header_4_2_text_align_last_edited=&#8221;on|phone&#8221; header_5_2_text_align_last_edited=&#8221;on|phone&#8221; header_6_2_text_align_last_edited=&#8221;on|phone&#8221;]<\/p>\n<h2>Fontes e Terracotas<\/h2>\n<p>As fontes florentinas s\u00e3o outro dos \u00edcones do Convento e que podem ser encontradas tanto no seu exterior como interior. A Fonte do Le\u00e3o, junto \u00e0 entrada principal do espa\u00e7o, foi destino de romarias durante v\u00e1rios anos. No Jardim das Quatro Esta\u00e7\u00f5es, encontra-se a Fonte do Drag\u00e3o classificada como Monumento Nacional. J\u00e1 na Portaria Nova encontra-se a Fonte dos Golfinhos datada da segunda metade do s\u00e9culo XVIII. O Jardim dos Novi\u00e7os \u00e9 outro dos espa\u00e7os ic\u00f3nicos do Convento. Adornado tamb\u00e9m com uma fonte, o destaque vai para as suas terracotas, esculturas que podem ser encontradas nos seus nichos, datadas do s\u00e9c. XVIII. <\/p>\n<p>[\/et_pb_text][\/et_pb_column][et_pb_column type=&#8221;1_2&#8243; _builder_version=&#8221;4.7.6&#8243; _module_preset=&#8221;default&#8221; background_image=&#8221;http:\/\/dev.catarinazimbarra.com\/hotelconventosaopaulo\/wp-content\/uploads\/2020\/12\/D610361.jpg&#8221; parallax=&#8221;on&#8221; hover_enabled=&#8221;0&#8243; sticky_enabled=&#8221;0&#8243;][\/et_pb_column][\/et_pb_row][\/et_pb_section]<\/p>\n","protected":false},"excerpt":{"rendered":"<p>[et_pb_section fb_built=&#8221;1&#8243; admin_label=&#8221;Layout Group I&#8221; module_class=&#8221;heading-premium&#8221; _builder_version=&#8221;4.6.6&#8243; custom_padding=&#8221;0px|||||&#8221; saved_tabs=&#8221;all&#8221;][et_pb_row column_structure=&#8221;1_2,1_2&#8243; use_custom_gutter=&#8221;on&#8221; gutter_width=&#8221;1&#8243; _builder_version=&#8221;4.4.4&#8243; max_width=&#8221;1240px&#8221; custom_padding=&#8221;0px||0px|||&#8221;][et_pb_column type=&#8221;1_2&#8243; _builder_version=&#8221;4.4.4&#8243; z_index=&#8221;10&#8243;][et_pb_image src=&#8221;http:\/\/dev.catarinazimbarra.com\/hotelconventosaopaulo\/wp-content\/uploads\/2020\/10\/about_2-1024&#215;680.jpg&#8221; title_text=&#8221;about_2&#8243; align=&#8221;right&#8221; align_tablet=&#8221;left&#8221; align_phone=&#8221;&#8221; align_last_edited=&#8221;on|phone&#8221; module_class=&#8221;heading-premium-secondary-image&#8221; _builder_version=&#8221;4.6.5&#8243; max_width=&#8221;50%&#8221; max_width_tablet=&#8221;&#8221; max_width_phone=&#8221;&#8221; max_width_last_edited=&#8221;on|tablet&#8221; max_height_tablet=&#8221;150px&#8221; max_height_phone=&#8221;150px&#8221; max_height_last_edited=&#8221;on|phone&#8221;][\/et_pb_image][et_pb_text module_class=&#8221;heading-premium-title&#8221; _builder_version=&#8221;4.6.5&#8243; text_font=&#8221;Gilda Display|||on|||||&#8221; text_text_color=&#8221;#000000&#8243; text_font_size=&#8221;75px&#8221; text_letter_spacing=&#8221;3px&#8221; text_line_height=&#8221;1.3em&#8221; header_font=&#8221;Gilda Display|||on|||||&#8221; header_text_color=&#8221;#000000&#8243; header_font_size=&#8221;75px&#8221; header_letter_spacing=&#8221;3px&#8221; header_line_height=&#8221;1.3em&#8221; max_width=&#8221;800px&#8221; custom_margin=&#8221;40px|-100%|||false|false&#8221; custom_margin_tablet=&#8221;|0px|||false|false&#8221; custom_margin_phone=&#8221;||||false|false&#8221; custom_margin_last_edited=&#8221;on|tablet&#8221; text_font_size_tablet=&#8221;40px&#8221; text_font_size_phone=&#8221;24px&#8221; text_font_size_last_edited=&#8221;on|desktop&#8221; [&hellip;]<\/p>\n","protected":false},"author":1,"featured_media":0,"parent":0,"menu_order":0,"comment_status":"closed","ping_status":"closed","template":"","meta":{"_et_pb_use_builder":"on","_et_pb_old_content":"","_et_gb_content_width":"","spay_email":""},"_links":{"self":[{"href":"http:\/\/dev.catarinazimbarra.com\/hotelconventosaopaulo\/wp-json\/wp\/v2\/pages\/1380"}],"collection":[{"href":"http:\/\/dev.catarinazimbarra.com\/hotelconventosaopaulo\/wp-json\/wp\/v2\/pages"}],"about":[{"href":"http:\/\/dev.catarinazimbarra.com\/hotelconventosaopaulo\/wp-json\/wp\/v2\/types\/page"}],"author":[{"embeddable":true,"href":"http:\/\/dev.catarinazimbarra.com\/hotelconventosaopaulo\/wp-json\/wp\/v2\/users\/1"}],"replies":[{"embeddable":true,"href":"http:\/\/dev.catarinazimbarra.com\/hotelconventosaopaulo\/wp-json\/wp\/v2\/comments?post=1380"}],"version-history":[{"count":5,"href":"http:\/\/dev.catarinazimbarra.com\/hotelconventosaopaulo\/wp-json\/wp\/v2\/pages\/1380\/revisions"}],"predecessor-version":[{"id":1722,"href":"http:\/\/dev.catarinazimbarra.com\/hotelconventosaopaulo\/wp-json\/wp\/v2\/pages\/1380\/revisions\/1722"}],"wp:attachment":[{"href":"http:\/\/dev.catarinazimbarra.com\/hotelconventosaopaulo\/wp-json\/wp\/v2\/media?parent=1380"}],"curies":[{"name":"wp","href":"https:\/\/api.w.org\/{rel}","templated":true}]}}