{"id":1473,"date":"2020-12-10T15:48:59","date_gmt":"2020-12-10T15:48:59","guid":{"rendered":"http:\/\/dev.catarinazimbarra.com\/hotelconventosaopaulo\/eventos\/"},"modified":"2020-12-10T15:48:59","modified_gmt":"2020-12-10T15:48:59","slug":"eventos","status":"publish","type":"page","link":"http:\/\/dev.catarinazimbarra.com\/hotelconventosaopaulo\/eventos\/?lang=pt-pt","title":{"rendered":"Eventos"},"content":{"rendered":"<p>[et_pb_section fb_built=&#8221;1&#8243; admin_label=&#8221;Layout Group I&#8221; module_class=&#8221;heading-premium&#8221; _builder_version=&#8221;4.6.5&#8243; custom_padding=&#8221;0px|||||&#8221; saved_tabs=&#8221;all&#8221;][et_pb_row column_structure=&#8221;1_2,1_2&#8243; use_custom_gutter=&#8221;on&#8221; gutter_width=&#8221;1&#8243; _builder_version=&#8221;4.4.4&#8243; max_width=&#8221;1240px&#8221; custom_padding=&#8221;0px||0px|||&#8221;][et_pb_column type=&#8221;1_2&#8243; _builder_version=&#8221;4.4.4&#8243; z_index=&#8221;10&#8243;][et_pb_image src=&#8221;http:\/\/dev.catarinazimbarra.com\/hotelconventosaopaulo\/wp-content\/uploads\/2020\/10\/about_2-1024&#215;680.jpg&#8221; title_text=&#8221;about_2&#8243; align=&#8221;right&#8221; align_tablet=&#8221;left&#8221; align_phone=&#8221;&#8221; align_last_edited=&#8221;on|phone&#8221; module_class=&#8221;heading-premium-secondary-image&#8221; _builder_version=&#8221;4.6.5&#8243; max_width=&#8221;50%&#8221; max_width_tablet=&#8221;&#8221; max_width_phone=&#8221;&#8221; max_width_last_edited=&#8221;on|tablet&#8221; max_height_tablet=&#8221;150px&#8221; max_height_phone=&#8221;150px&#8221; max_height_last_edited=&#8221;on|phone&#8221;][\/et_pb_image][et_pb_text module_class=&#8221;heading-premium-title&#8221; _builder_version=&#8221;4.6.6&#8243; text_font=&#8221;Gilda Display|||on|||||&#8221; text_text_color=&#8221;#000000&#8243; text_font_size=&#8221;75px&#8221; text_letter_spacing=&#8221;3px&#8221; text_line_height=&#8221;1.3em&#8221; header_font=&#8221;Gilda Display|||on|||||&#8221; header_text_color=&#8221;#000000&#8243; header_font_size=&#8221;75px&#8221; header_letter_spacing=&#8221;3px&#8221; header_line_height=&#8221;1.3em&#8221; max_width=&#8221;800px&#8221; custom_margin=&#8221;40px|-100%|||false|false&#8221; custom_margin_tablet=&#8221;|0px|||false|false&#8221; custom_margin_phone=&#8221;||||false|false&#8221; custom_margin_last_edited=&#8221;on|tablet&#8221; text_font_size_tablet=&#8221;40px&#8221; text_font_size_phone=&#8221;24px&#8221; text_font_size_last_edited=&#8221;on|desktop&#8221; header_font_size_tablet=&#8221;40px&#8221; header_font_size_phone=&#8221;24px&#8221; header_font_size_last_edited=&#8221;on|desktop&#8221;]<\/p>\n<p>Eventos, Casamentos &amp; Grupos<\/p>\n<p>[\/et_pb_text][et_pb_button button_url=&#8221;#introduction&#8221; button_text=&#8221;Saiba mais&#8221; _builder_version=&#8221;4.6.5&#8243; custom_button=&#8221;on&#8221; button_text_size=&#8221;14px&#8221; button_text_color=&#8221;#000000&#8243; button_bg_color=&#8221;rgba(0,0,0,0)&#8221; button_border_width=&#8221;0px&#8221; button_border_radius=&#8221;0px&#8221; button_letter_spacing=&#8221;3px&#8221; button_font=&#8221;|600||on|||||&#8221; button_use_icon=&#8221;off&#8221; custom_margin_phone=&#8221;||60px||false|false&#8221; custom_margin_last_edited=&#8221;off|tablet&#8221; custom_padding=&#8221;10px|0px|10px|0px|true|true&#8221; box_shadow_style=&#8221;preset4&#8243; box_shadow_horizontal=&#8221;0px&#8221; box_shadow_vertical=&#8221;2px&#8221; box_shadow_color=&#8221;#000000&#8243; locked=&#8221;off&#8221; button_text_color__hover_enabled=&#8221;on|hover&#8221; button_text_color__hover=&#8221;rgba(0,0,0,0.6)&#8221; box_shadow_color__hover_enabled=&#8221;on|hover&#8221; box_shadow_color__hover=&#8221;rgba(0,0,0,0.6)&#8221;][\/et_pb_button][\/et_pb_column][et_pb_column type=&#8221;1_2&#8243; _builder_version=&#8221;4.4.4&#8243;][et_pb_image src=&#8221;http:\/\/dev.catarinazimbarra.com\/hotelconventosaopaulo\/wp-content\/uploads\/2020\/10\/DSC4528.jpg&#8221; title_text=&#8221;about_3&#8243; module_class=&#8221;heading-premium-primary-image&#8221; _builder_version=&#8221;4.6.6&#8243; max_height_tablet=&#8221;400px&#8221; max_height_phone=&#8221;&#8221; max_height_last_edited=&#8221;on|tablet&#8221; custom_margin_tablet=&#8221;40px||||false|false&#8221; custom_margin_phone=&#8221;&#8221; custom_margin_last_edited=&#8221;on|tablet&#8221;][\/et_pb_image][\/et_pb_column][\/et_pb_row][\/et_pb_section][et_pb_section fb_built=&#8221;1&#8243; admin_label=&#8221;About&#8221; module_id=&#8221;introduction&#8221; _builder_version=&#8221;4.6.5&#8243; background_color=&#8221;rgba(198,170,143,0.5)&#8221; custom_padding=&#8221;||100px||false|false&#8221; link_option_url=&#8221;introduction&#8221;][et_pb_row custom_padding_last_edited=&#8221;on|phone&#8221; _builder_version=&#8221;4.4.4&#8243; custom_padding=&#8221;90px|20px|90px|20px|false|true&#8221; custom_padding_tablet=&#8221;60px||60px||true|true&#8221; custom_padding_phone=&#8221;40px||40px||true|true&#8221; border_width_all=&#8221;4px&#8221; border_color_all=&#8221;#ffffff&#8221;][et_pb_column type=&#8221;4_4&#8243; _builder_version=&#8221;4.4.4&#8243;][et_pb_image src=&#8221;http:\/\/dev.catarinazimbarra.com\/hotelconventosaopaulo\/wp-content\/uploads\/2020\/10\/botanical_events.png&#8221; title_text=&#8221;botanical_events&#8221; align=&#8221;center&#8221; _builder_version=&#8221;4.6.6&#8243; vertical_offset=&#8221;70px&#8221; z_index=&#8221;1&#8243; position_origin_a_tablet=&#8221;&#8221; position_origin_a_phone=&#8221;&#8221; position_origin_a_last_edited=&#8221;on|desktop&#8221; position_origin_f_tablet=&#8221;&#8221; position_origin_f_phone=&#8221;&#8221; position_origin_f_last_edited=&#8221;on|desktop&#8221; position_origin_r_tablet=&#8221;&#8221; position_origin_r_phone=&#8221;&#8221; position_origin_r_last_edited=&#8221;on|desktop&#8221; height=&#8221;200px&#8221; custom_margin=&#8221;||45px||false|false&#8221; animation_style=&#8221;fade&#8221; positioning_tablet=&#8221;none&#8221; positioning_phone=&#8221;&#8221; positioning_last_edited=&#8221;on|phone&#8221; locked=&#8221;off&#8221;][\/et_pb_image][et_pb_text _builder_version=&#8221;4.6.5&#8243; header_2_font=&#8221;Antic Didone|||on|||||&#8221; header_2_font_size=&#8221;60px&#8221; header_2_letter_spacing=&#8221;3px&#8221; header_2_line_height=&#8221;1.3em&#8221; text_orientation=&#8221;center&#8221; max_width=&#8221;700px&#8221; module_alignment=&#8221;center&#8221; header_2_font_size_tablet=&#8221;40px&#8221; header_2_font_size_phone=&#8221;26px&#8221; header_2_font_size_last_edited=&#8221;on|phone&#8221; locked=&#8221;off&#8221;]<\/p>\n<h2>Enjoy Your Event<\/h2>\n<p>[\/et_pb_text][et_pb_text _builder_version=&#8221;4.6.5&#8243; text_line_height=&#8221;2.2em&#8221; header_4_font=&#8221;Antic Didone|||on|||||&#8221; header_4_text_color=&#8221;#000000&#8243; header_4_font_size=&#8221;20px&#8221; header_4_letter_spacing=&#8221;2px&#8221; header_4_line_height=&#8221;1.4em&#8221; text_orientation=&#8221;center&#8221; max_width=&#8221;75%&#8221; max_width_tablet=&#8221;&#8221; max_width_phone=&#8221;100%&#8221; max_width_last_edited=&#8221;on|phone&#8221; module_alignment=&#8221;center&#8221; text_font_size_tablet=&#8221;15px&#8221; text_font_size_phone=&#8221;14px&#8221; text_font_size_last_edited=&#8221;on|phone&#8221; header_4_font_size_tablet=&#8221;18px&#8221; header_4_font_size_phone=&#8221;&#8221; header_4_font_size_last_edited=&#8221;on|phone&#8221; text_orientation_tablet=&#8221;&#8221; text_orientation_phone=&#8221;justified&#8221; text_orientation_last_edited=&#8221;on|phone&#8221; locked=&#8221;off&#8221;]<\/p>\n<h4>An Amazing Venue<\/h4>\n<p>Hotel Convento S\u00e3o Paulo makes each moment of your event simply magical with its unique venue, historic rooms, private church and beautiful gardens. You can be sure that your special day will be an opportunity to remember, whichever choice you choose.<\/p>\n<p>[\/et_pb_text][et_pb_button button_url=&#8221;#booking&#8221; button_text=&#8221;Reserve a sua estadia&#8221; button_alignment=&#8221;center&#8221; _builder_version=&#8221;4.6.5&#8243; custom_button=&#8221;on&#8221; button_text_size=&#8221;14px&#8221; button_text_color=&#8221;#000000&#8243; button_bg_color=&#8221;rgba(0,0,0,0)&#8221; button_border_width=&#8221;0px&#8221; button_border_color=&#8221;#edf000&#8243; button_border_radius=&#8221;0px&#8221; button_letter_spacing=&#8221;3px&#8221; button_font=&#8221;|600||on|||||&#8221; button_use_icon=&#8221;off&#8221; custom_margin=&#8221;||||false|false&#8221; custom_padding=&#8221;10px|0px|10px|0px|true|true&#8221; box_shadow_style=&#8221;preset4&#8243; box_shadow_horizontal=&#8221;0px&#8221; box_shadow_vertical=&#8221;2px&#8221; box_shadow_color=&#8221;#000000&#8243; locked=&#8221;off&#8221; button_text_color__hover_enabled=&#8221;on|hover&#8221; button_text_color__hover=&#8221;#ffffff&#8221; box_shadow_color__hover_enabled=&#8221;on|hover&#8221; box_shadow_color__hover=&#8221;#ffffff&#8221;][\/et_pb_button][\/et_pb_column][\/et_pb_row][\/et_pb_section][et_pb_section fb_built=&#8221;1&#8243; module_class=&#8221;lft-rgt&#8221; _builder_version=&#8221;4.6.6&#8243; _module_preset=&#8221;default&#8221; custom_padding=&#8221;0px||0px||true|false&#8221;][et_pb_row column_structure=&#8221;1_2,1_2&#8243; use_custom_gutter=&#8221;on&#8221; gutter_width=&#8221;1&#8243; make_equal=&#8221;on&#8221; module_class=&#8221;lft-rgt&#8221; _builder_version=&#8221;4.6.6&#8243; _module_preset=&#8221;default&#8221; width=&#8221;100%&#8221; max_width=&#8221;100%&#8221; min_height=&#8221;66vh&#8221; custom_padding=&#8221;0px||0px||true|false&#8221;][et_pb_column type=&#8221;1_2&#8243; _builder_version=&#8221;4.6.6&#8243; _module_preset=&#8221;default&#8221; background_image=&#8221;http:\/\/dev.catarinazimbarra.com\/hotelconventosaopaulo\/wp-content\/uploads\/2020\/10\/DSC4528.jpg&#8221; parallax=&#8221;on&#8221;][\/et_pb_column][et_pb_column type=&#8221;1_2&#8243; _builder_version=&#8221;4.6.5&#8243; _module_preset=&#8221;default&#8221; custom_css_main_element=&#8221;display: flex;||align-items: center;&#8221;][et_pb_text _builder_version=&#8221;4.7.4&#8243; _module_preset=&#8221;default&#8221; header_2_font=&#8221;Gilda Display|||on|||||&#8221; header_2_text_color=&#8221;#000000&#8243; header_2_font_size=&#8221;2em&#8221; custom_padding=&#8221;10%|10%|10%|10%|true|true&#8221; hover_enabled=&#8221;0&#8243; header_2_text_align_tablet=&#8221;&#8221; header_2_text_align_phone=&#8221;center&#8221; header_2_text_align_last_edited=&#8221;on|phone&#8221; text_orientation_tablet=&#8221;&#8221; text_orientation_phone=&#8221;justified&#8221; text_orientation_last_edited=&#8221;on|phone&#8221; header_2_2_text_align_phone=&#8221;center&#8221; header_3_2_text_align_phone=&#8221;center&#8221; header_4_2_text_align_phone=&#8221;center&#8221; header_5_2_text_align_phone=&#8221;center&#8221; header_6_2_text_align_phone=&#8221;center&#8221; header_2_2_text_align_last_edited=&#8221;on|phone&#8221; header_3_2_text_align_last_edited=&#8221;on|phone&#8221; header_4_2_text_align_last_edited=&#8221;on|phone&#8221; header_5_2_text_align_last_edited=&#8221;on|phone&#8221; header_6_2_text_align_last_edited=&#8221;on|phone&#8221; sticky_enabled=&#8221;0&#8243;]<\/p>\n<h2>CASAMENTOS<\/h2>\n<p>Para a realiza\u00e7\u00e3o de um casamento no Convento, \u00e9 necess\u00e1rio que o Hotel esteja em uso\u00a0exclusivo, assim poder\u00e1 conjugar o uso dos variados espa\u00e7os de acordo com as vossas\u00a0prefer\u00eancias fazendo com\u00a0que cada festa seja \u00fanica e irrepet\u00edvel.<\/p>\n<p>[\/et_pb_text][\/et_pb_column][\/et_pb_row][\/et_pb_section][et_pb_section fb_built=&#8221;1&#8243; module_class=&#8221;lft-rgt&#8221; _builder_version=&#8221;4.6.6&#8243; _module_preset=&#8221;default&#8221; custom_padding=&#8221;0px||0px||true|false&#8221; locked=&#8221;off&#8221;][et_pb_row column_structure=&#8221;1_2,1_2&#8243; use_custom_gutter=&#8221;on&#8221; gutter_width=&#8221;1&#8243; make_equal=&#8221;on&#8221; module_class=&#8221;lft-rgt&#8221; _builder_version=&#8221;4.7.4&#8243; _module_preset=&#8221;default&#8221; width=&#8221;100%&#8221; max_width=&#8221;100%&#8221; min_height=&#8221;66vh&#8221; custom_padding=&#8221;0px||0px||true|false&#8221;][et_pb_column type=&#8221;1_2&#8243; _builder_version=&#8221;4.6.5&#8243; _module_preset=&#8221;default&#8221; custom_css_main_element=&#8221;display: flex;||align-items: center;&#8221;][et_pb_text _builder_version=&#8221;4.7.4&#8243; _module_preset=&#8221;default&#8221; header_2_font=&#8221;Gilda Display|||on|||||&#8221; header_2_text_color=&#8221;#000000&#8243; header_2_font_size=&#8221;2em&#8221; custom_padding=&#8221;10%|10%|10%|10%|true|true&#8221; hover_enabled=&#8221;0&#8243; header_2_text_align_tablet=&#8221;&#8221; header_2_text_align_phone=&#8221;center&#8221; header_2_text_align_last_edited=&#8221;on|phone&#8221; text_orientation_tablet=&#8221;&#8221; text_orientation_phone=&#8221;justified&#8221; text_orientation_last_edited=&#8221;on|phone&#8221; header_2_2_text_align_phone=&#8221;center&#8221; header_3_2_text_align_phone=&#8221;center&#8221; header_4_2_text_align_phone=&#8221;center&#8221; header_5_2_text_align_phone=&#8221;center&#8221; header_6_2_text_align_phone=&#8221;center&#8221; header_2_2_text_align_last_edited=&#8221;on|phone&#8221; header_3_2_text_align_last_edited=&#8221;on|phone&#8221; header_4_2_text_align_last_edited=&#8221;on|phone&#8221; header_5_2_text_align_last_edited=&#8221;on|phone&#8221; header_6_2_text_align_last_edited=&#8221;on|phone&#8221; sticky_enabled=&#8221;0&#8243;]<\/p>\n<h2>Outros Eventos<\/h2>\n<p>ALMO\u00c7OS E JANTARES DE GRUPOS E FAM\u00cdLIAS<br \/>Dotado de uma s\u00e9rie de espa\u00e7os distintos, o Convento de S\u00e3o Paulo permite a organiza\u00e7\u00e3o\u00a0de eventos \u00fanicos.<br \/>O Claustro na Primavera e no Ver\u00e3o, a Esplanada para a realiza\u00e7\u00e3o de cocktails e as Salas\u00a0\u201cPassos Perdidos\u201d e \u201cRefeit\u00f3rio dos Monges\u201d para Almo\u00e7os ou Jantares\u00a0permitem-nos a\u00a0cria\u00e7\u00e3o de momentos inesquec\u00edveis.<br \/>Consulte-nos para ter informa\u00e7\u00e3o sobre os Menus especiais para estes eventos.<\/p>\n<p>REUNI\u00d5ES<br \/>Surpreenda a sua equipa com uma reuni\u00e3o num sitio memor\u00e1vel.<br \/>A Sala \u201cPassos Perdidos\u201d, o \u201cRefeit\u00f3rio dos Monges\u201d, a Igreja Velha e a Sacristia Velha<br \/>oferecem-lhe o espa\u00e7o e o conforto para al\u00e9m do equipamento indispens\u00e1vel a qualquer\u00a0tipo de reuni\u00e3o.<br \/>Os percursos pedestres e as atividades ao ar livre permitem a organiza\u00e7\u00e3o de atividades\u00a0de\u00a0team building\u00a0que a sua equipa jamais esquecer\u00e1.<\/p>\n<p>[\/et_pb_text][\/et_pb_column][et_pb_column type=&#8221;1_2&#8243; _builder_version=&#8221;4.6.6&#8243; _module_preset=&#8221;default&#8221; background_image=&#8221;http:\/\/dev.catarinazimbarra.com\/hotelconventosaopaulo\/wp-content\/uploads\/2020\/10\/DSC4528.jpg&#8221; parallax=&#8221;on&#8221;][\/et_pb_column][\/et_pb_row][\/et_pb_section]<\/p>\n","protected":false},"excerpt":{"rendered":"<p>[et_pb_section fb_built=&#8221;1&#8243; admin_label=&#8221;Layout Group I&#8221; module_class=&#8221;heading-premium&#8221; _builder_version=&#8221;4.6.5&#8243; custom_padding=&#8221;0px|||||&#8221; saved_tabs=&#8221;all&#8221;][et_pb_row column_structure=&#8221;1_2,1_2&#8243; use_custom_gutter=&#8221;on&#8221; gutter_width=&#8221;1&#8243; _builder_version=&#8221;4.4.4&#8243; max_width=&#8221;1240px&#8221; custom_padding=&#8221;0px||0px|||&#8221;][et_pb_column type=&#8221;1_2&#8243; _builder_version=&#8221;4.4.4&#8243; z_index=&#8221;10&#8243;][et_pb_image src=&#8221;http:\/\/dev.catarinazimbarra.com\/hotelconventosaopaulo\/wp-content\/uploads\/2020\/10\/about_2-1024&#215;680.jpg&#8221; title_text=&#8221;about_2&#8243; align=&#8221;right&#8221; align_tablet=&#8221;left&#8221; align_phone=&#8221;&#8221; align_last_edited=&#8221;on|phone&#8221; module_class=&#8221;heading-premium-secondary-image&#8221; _builder_version=&#8221;4.6.5&#8243; max_width=&#8221;50%&#8221; max_width_tablet=&#8221;&#8221; max_width_phone=&#8221;&#8221; max_width_last_edited=&#8221;on|tablet&#8221; max_height_tablet=&#8221;150px&#8221; max_height_phone=&#8221;150px&#8221; max_height_last_edited=&#8221;on|phone&#8221;][\/et_pb_image][et_pb_text module_class=&#8221;heading-premium-title&#8221; _builder_version=&#8221;4.6.6&#8243; text_font=&#8221;Gilda Display|||on|||||&#8221; text_text_color=&#8221;#000000&#8243; text_font_size=&#8221;75px&#8221; text_letter_spacing=&#8221;3px&#8221; text_line_height=&#8221;1.3em&#8221; header_font=&#8221;Gilda Display|||on|||||&#8221; header_text_color=&#8221;#000000&#8243; header_font_size=&#8221;75px&#8221; header_letter_spacing=&#8221;3px&#8221; header_line_height=&#8221;1.3em&#8221; max_width=&#8221;800px&#8221; custom_margin=&#8221;40px|-100%|||false|false&#8221; custom_margin_tablet=&#8221;|0px|||false|false&#8221; custom_margin_phone=&#8221;||||false|false&#8221; custom_margin_last_edited=&#8221;on|tablet&#8221; text_font_size_tablet=&#8221;40px&#8221; text_font_size_phone=&#8221;24px&#8221; text_font_size_last_edited=&#8221;on|desktop&#8221; [&hellip;]<\/p>\n","protected":false},"author":1,"featured_media":0,"parent":0,"menu_order":0,"comment_status":"closed","ping_status":"closed","template":"","meta":{"_et_pb_use_builder":"on","_et_pb_old_content":"","_et_gb_content_width":"","spay_email":""},"_links":{"self":[{"href":"http:\/\/dev.catarinazimbarra.com\/hotelconventosaopaulo\/wp-json\/wp\/v2\/pages\/1473"}],"collection":[{"href":"http:\/\/dev.catarinazimbarra.com\/hotelconventosaopaulo\/wp-json\/wp\/v2\/pages"}],"about":[{"href":"http:\/\/dev.catarinazimbarra.com\/hotelconventosaopaulo\/wp-json\/wp\/v2\/types\/page"}],"author":[{"embeddable":true,"href":"http:\/\/dev.catarinazimbarra.com\/hotelconventosaopaulo\/wp-json\/wp\/v2\/users\/1"}],"replies":[{"embeddable":true,"href":"http:\/\/dev.catarinazimbarra.com\/hotelconventosaopaulo\/wp-json\/wp\/v2\/comments?post=1473"}],"version-history":[{"count":2,"href":"http:\/\/dev.catarinazimbarra.com\/hotelconventosaopaulo\/wp-json\/wp\/v2\/pages\/1473\/revisions"}],"predecessor-version":[{"id":1475,"href":"http:\/\/dev.catarinazimbarra.com\/hotelconventosaopaulo\/wp-json\/wp\/v2\/pages\/1473\/revisions\/1475"}],"wp:attachment":[{"href":"http:\/\/dev.catarinazimbarra.com\/hotelconventosaopaulo\/wp-json\/wp\/v2\/media?parent=1473"}],"curies":[{"name":"wp","href":"https:\/\/api.w.org\/{rel}","templated":true}]}}