{"id":1476,"date":"2020-12-10T17:09:50","date_gmt":"2020-12-10T17:09:50","guid":{"rendered":"http:\/\/dev.catarinazimbarra.com\/hotelconventosaopaulo\/restaurante\/"},"modified":"2020-12-14T19:43:31","modified_gmt":"2020-12-14T19:43:31","slug":"restaurante","status":"publish","type":"page","link":"http:\/\/dev.catarinazimbarra.com\/hotelconventosaopaulo\/restaurante\/?lang=pt-pt","title":{"rendered":"Restaurante"},"content":{"rendered":"<p>[et_pb_section fb_built=&#8221;1&#8243; admin_label=&#8221;Layout Group I&#8221; module_class=&#8221;heading-premium&#8221; _builder_version=&#8221;4.6.5&#8243; custom_padding=&#8221;0px|||||&#8221; saved_tabs=&#8221;all&#8221;][et_pb_row column_structure=&#8221;1_2,1_2&#8243; use_custom_gutter=&#8221;on&#8221; gutter_width=&#8221;1&#8243; _builder_version=&#8221;4.4.4&#8243; max_width=&#8221;1240px&#8221; custom_padding=&#8221;0px||0px|||&#8221;][et_pb_column type=&#8221;1_2&#8243; _builder_version=&#8221;4.4.4&#8243; z_index=&#8221;10&#8243;][et_pb_image src=&#8221;http:\/\/dev.catarinazimbarra.com\/hotelconventosaopaulo\/wp-content\/uploads\/2020\/10\/GBD3379.jpg&#8221; title_text=&#8221;about_2&#8243; align=&#8221;right&#8221; align_tablet=&#8221;left&#8221; align_phone=&#8221;&#8221; align_last_edited=&#8221;on|phone&#8221; module_class=&#8221;heading-premium-secondary-image&#8221; _builder_version=&#8221;4.6.6&#8243; max_width=&#8221;50%&#8221; max_width_tablet=&#8221;&#8221; max_width_phone=&#8221;&#8221; max_width_last_edited=&#8221;on|tablet&#8221; max_height_tablet=&#8221;150px&#8221; max_height_phone=&#8221;150px&#8221; max_height_last_edited=&#8221;on|phone&#8221;][\/et_pb_image][et_pb_text module_class=&#8221;heading-premium-title&#8221; _builder_version=&#8221;4.6.6&#8243; text_font=&#8221;Gilda Display|||on|||||&#8221; text_text_color=&#8221;#000000&#8243; text_font_size=&#8221;75px&#8221; text_letter_spacing=&#8221;3px&#8221; text_line_height=&#8221;1.3em&#8221; header_font=&#8221;Gilda Display|||on|||||&#8221; header_text_color=&#8221;#000000&#8243; header_font_size=&#8221;75px&#8221; header_letter_spacing=&#8221;3px&#8221; header_line_height=&#8221;1.3em&#8221; max_width=&#8221;800px&#8221; custom_margin=&#8221;40px|-100%|||false|false&#8221; custom_margin_tablet=&#8221;|0px|||false|false&#8221; custom_margin_phone=&#8221;||||false|false&#8221; custom_margin_last_edited=&#8221;on|tablet&#8221; text_font_size_tablet=&#8221;40px&#8221; text_font_size_phone=&#8221;24px&#8221; text_font_size_last_edited=&#8221;on|desktop&#8221; header_font_size_tablet=&#8221;40px&#8221; header_font_size_phone=&#8221;24px&#8221; header_font_size_last_edited=&#8221;on|desktop&#8221;]<\/p>\n<p>Hist\u00f3ria &amp; Food selection<\/p>\n<p>[\/et_pb_text][et_pb_button button_url=&#8221;#introduction&#8221; button_text=&#8221;Saiba mais&#8221; _builder_version=&#8221;4.6.5&#8243; custom_button=&#8221;on&#8221; button_text_size=&#8221;14px&#8221; button_text_color=&#8221;#000000&#8243; button_bg_color=&#8221;rgba(0,0,0,0)&#8221; button_border_width=&#8221;0px&#8221; button_border_radius=&#8221;0px&#8221; button_letter_spacing=&#8221;3px&#8221; button_font=&#8221;|600||on|||||&#8221; button_use_icon=&#8221;off&#8221; custom_margin_phone=&#8221;||60px||false|false&#8221; custom_margin_last_edited=&#8221;off|tablet&#8221; custom_padding=&#8221;10px|0px|10px|0px|true|true&#8221; box_shadow_style=&#8221;preset4&#8243; box_shadow_horizontal=&#8221;0px&#8221; box_shadow_vertical=&#8221;2px&#8221; box_shadow_color=&#8221;#000000&#8243; button_text_color__hover_enabled=&#8221;on|hover&#8221; button_text_color__hover=&#8221;rgba(0,0,0,0.6)&#8221; box_shadow_color__hover_enabled=&#8221;on|hover&#8221; box_shadow_color__hover=&#8221;rgba(0,0,0,0.6)&#8221;][\/et_pb_button][\/et_pb_column][et_pb_column type=&#8221;1_2&#8243; _builder_version=&#8221;4.4.4&#8243;][et_pb_image src=&#8221;http:\/\/dev.catarinazimbarra.com\/hotelconventosaopaulo\/wp-content\/uploads\/2020\/10\/GBD3402.jpg&#8221; title_text=&#8221;about_3&#8243; module_class=&#8221;heading-premium-primary-image&#8221; _builder_version=&#8221;4.6.6&#8243; max_height_tablet=&#8221;400px&#8221; max_height_phone=&#8221;&#8221; max_height_last_edited=&#8221;on|tablet&#8221; custom_margin_tablet=&#8221;40px||||false|false&#8221; custom_margin_phone=&#8221;&#8221; custom_margin_last_edited=&#8221;on|tablet&#8221;][\/et_pb_image][\/et_pb_column][\/et_pb_row][\/et_pb_section][et_pb_section fb_built=&#8221;1&#8243; admin_label=&#8221;About&#8221; module_id=&#8221;introduction&#8221; _builder_version=&#8221;4.6.5&#8243; background_color=&#8221;rgba(198,170,143,0.5)&#8221; custom_padding=&#8221;||100px||false|false&#8221;][et_pb_row custom_padding_last_edited=&#8221;on|phone&#8221; _builder_version=&#8221;4.4.4&#8243; custom_padding=&#8221;90px|20px|90px|20px|false|true&#8221; custom_padding_tablet=&#8221;60px||60px||true|true&#8221; custom_padding_phone=&#8221;40px||40px||true|true&#8221; border_width_all=&#8221;4px&#8221; border_color_all=&#8221;#ffffff&#8221;][et_pb_column type=&#8221;4_4&#8243; _builder_version=&#8221;4.4.4&#8243;][et_pb_image src=&#8221;http:\/\/dev.catarinazimbarra.com\/hotelconventosaopaulo\/wp-content\/uploads\/2020\/10\/botanical_restaurant.png&#8221; title_text=&#8221;botanical_restaurant&#8221; align=&#8221;center&#8221; _builder_version=&#8221;4.6.6&#8243; vertical_offset=&#8221;70px&#8221; z_index=&#8221;1&#8243; position_origin_a_tablet=&#8221;&#8221; position_origin_a_phone=&#8221;&#8221; position_origin_a_last_edited=&#8221;on|desktop&#8221; position_origin_f_tablet=&#8221;&#8221; position_origin_f_phone=&#8221;&#8221; position_origin_f_last_edited=&#8221;on|desktop&#8221; position_origin_r_tablet=&#8221;&#8221; position_origin_r_phone=&#8221;&#8221; position_origin_r_last_edited=&#8221;on|desktop&#8221; height=&#8221;200px&#8221; custom_margin=&#8221;||45px||false|false&#8221; animation_style=&#8221;fade&#8221; positioning_tablet=&#8221;none&#8221; positioning_phone=&#8221;&#8221; positioning_last_edited=&#8221;on|phone&#8221; locked=&#8221;off&#8221;][\/et_pb_image][et_pb_text _builder_version=&#8221;4.6.5&#8243; header_2_font=&#8221;Antic Didone|||on|||||&#8221; header_2_font_size=&#8221;60px&#8221; header_2_letter_spacing=&#8221;3px&#8221; header_2_line_height=&#8221;1.3em&#8221; text_orientation=&#8221;center&#8221; max_width=&#8221;700px&#8221; module_alignment=&#8221;center&#8221; header_2_font_size_tablet=&#8221;40px&#8221; header_2_font_size_phone=&#8221;26px&#8221; header_2_font_size_last_edited=&#8221;on|phone&#8221; locked=&#8221;off&#8221;]<\/p>\n<h2>Aprecie os nossos pratos<\/h2>\n<p>[\/et_pb_text][et_pb_text _builder_version=&#8221;4.6.5&#8243; text_line_height=&#8221;2.2em&#8221; header_4_font=&#8221;Antic Didone|||on|||||&#8221; header_4_text_color=&#8221;#000000&#8243; header_4_font_size=&#8221;20px&#8221; header_4_letter_spacing=&#8221;2px&#8221; header_4_line_height=&#8221;1.4em&#8221; text_orientation=&#8221;center&#8221; max_width=&#8221;75%&#8221; max_width_tablet=&#8221;&#8221; max_width_phone=&#8221;100%&#8221; max_width_last_edited=&#8221;on|phone&#8221; module_alignment=&#8221;center&#8221; text_font_size_tablet=&#8221;15px&#8221; text_font_size_phone=&#8221;14px&#8221; text_font_size_last_edited=&#8221;on|phone&#8221; header_4_font_size_tablet=&#8221;18px&#8221; header_4_font_size_phone=&#8221;&#8221; header_4_font_size_last_edited=&#8221;on|phone&#8221; text_orientation_tablet=&#8221;&#8221; text_orientation_phone=&#8221;justified&#8221; text_orientation_last_edited=&#8221;on|phone&#8221; locked=&#8221;off&#8221;]<\/p>\n<h4>O Restaurante<\/h4>\n<p>Totalmente seguro e a cumprir toda as normas de seguran\u00e7a lan\u00e7adas pelas Autoridades de\u00a0Sa\u00fade, \u201cO Ermita\u201d volta a abrir portas para este novo normal. Situado na antiga Capela do\u00a0Bispo, \u00e9 um espa\u00e7o amplo, com uma decora\u00e7\u00e3o \u00fanica que faz justi\u00e7a aos verdadeiros pratos\u00a0alentejanos confecionados pelo Chef Duarte Laranjinho.<\/p>\n<p>Os Claustros s\u00e3o a op\u00e7\u00e3o perfeita para a realiza\u00e7\u00e3o de um jantar nas noites quentes de<br \/>ver\u00e3o, bem como a pista de dan\u00e7a no Jardim das quatro esta\u00e7\u00f5es, com as estrelas como\u00a0tecto, v\u00e3o fazer com que a sua Festa seja inesquec\u00edvel.\u00a0<br \/>Caso prefira o conforto de uma sala o Refeit\u00f3rio dos Monges ou Passos Perdidos permitem-\u00a0lhe a realiza\u00e7\u00e3o de uma refei\u00e7\u00e3o em salas devidamente climatizadas.\u00a0<br \/>Para Cerim\u00f3nias religiosas, poder\u00e1 usar a Capela de Nossa Senhora da Sa\u00fade. O Convento\u00a0tem uma autoriza\u00e7\u00e3o especial para cerim\u00f3nias pontuais.<br \/>Se o que pretende \u00e9 uma Cerim\u00f3nia Civil, a Esplanada, o Jardim dos Novi\u00e7os ou a &#8220;Casa da\u00a0\u00c1gua&#8221; no primeiro andar, s\u00e3o qualquer um deles espa\u00e7os de uma beleza \u00fanica.<\/p>\n<p>[\/et_pb_text][et_pb_button button_url=&#8221;#booking&#8221; button_text=&#8221;Reserve a sua estadia&#8221; button_alignment=&#8221;center&#8221; _builder_version=&#8221;4.6.5&#8243; custom_button=&#8221;on&#8221; button_text_size=&#8221;14px&#8221; button_text_color=&#8221;#000000&#8243; button_bg_color=&#8221;rgba(0,0,0,0)&#8221; button_border_width=&#8221;0px&#8221; button_border_color=&#8221;#edf000&#8243; button_border_radius=&#8221;0px&#8221; button_letter_spacing=&#8221;3px&#8221; button_font=&#8221;|600||on|||||&#8221; button_use_icon=&#8221;off&#8221; custom_margin=&#8221;||||false|false&#8221; custom_padding=&#8221;10px|0px|10px|0px|true|true&#8221; box_shadow_style=&#8221;preset4&#8243; box_shadow_horizontal=&#8221;0px&#8221; box_shadow_vertical=&#8221;2px&#8221; box_shadow_color=&#8221;#000000&#8243; locked=&#8221;off&#8221; button_text_color__hover_enabled=&#8221;on|hover&#8221; button_text_color__hover=&#8221;#ffffff&#8221; box_shadow_color__hover_enabled=&#8221;on|hover&#8221; box_shadow_color__hover=&#8221;#ffffff&#8221;][\/et_pb_button][\/et_pb_column][\/et_pb_row][\/et_pb_section][et_pb_section fb_built=&#8221;1&#8243; _builder_version=&#8221;4.6.6&#8243; _module_preset=&#8221;default&#8221; custom_padding=&#8221;0px||0px||true|false&#8221; hover_enabled=&#8221;0&#8243; module_class=&#8221;lft-rgt&#8221; sticky_enabled=&#8221;0&#8243;][et_pb_row column_structure=&#8221;1_2,1_2&#8243; use_custom_gutter=&#8221;on&#8221; gutter_width=&#8221;1&#8243; make_equal=&#8221;on&#8221; module_class=&#8221;lft-rgt&#8221; _builder_version=&#8221;4.6.6&#8243; _module_preset=&#8221;default&#8221; width=&#8221;100%&#8221; max_width=&#8221;100%&#8221; min_height=&#8221;66vh&#8221; custom_padding=&#8221;0px||0px||true|false&#8221;][et_pb_column type=&#8221;1_2&#8243; _builder_version=&#8221;4.6.6&#8243; _module_preset=&#8221;default&#8221; background_image=&#8221;http:\/\/dev.catarinazimbarra.com\/hotelconventosaopaulo\/wp-content\/uploads\/2020\/10\/GBD3409.jpg&#8221; parallax=&#8221;on&#8221;][\/et_pb_column][et_pb_column type=&#8221;1_2&#8243; _builder_version=&#8221;4.6.5&#8243; _module_preset=&#8221;default&#8221; custom_css_main_element=&#8221;display: flex;||align-items: center;&#8221;][et_pb_text _builder_version=&#8221;4.6.5&#8243; _module_preset=&#8221;default&#8221; header_2_font=&#8221;Gilda Display|||on|||||&#8221; header_2_text_color=&#8221;#000000&#8243; header_2_font_size=&#8221;2em&#8221; custom_padding=&#8221;10%|10%|10%|10%|true|true&#8221; header_2_text_align_tablet=&#8221;&#8221; header_2_text_align_phone=&#8221;center&#8221; header_2_text_align_last_edited=&#8221;on|phone&#8221; text_orientation_tablet=&#8221;&#8221; text_orientation_phone=&#8221;justified&#8221; text_orientation_last_edited=&#8221;on|phone&#8221; header_2_2_text_align_phone=&#8221;center&#8221; header_3_2_text_align_phone=&#8221;center&#8221; header_4_2_text_align_phone=&#8221;center&#8221; header_5_2_text_align_phone=&#8221;center&#8221; header_6_2_text_align_phone=&#8221;center&#8221; header_2_2_text_align_last_edited=&#8221;on|phone&#8221; header_3_2_text_align_last_edited=&#8221;on|phone&#8221; header_4_2_text_align_last_edited=&#8221;on|phone&#8221; header_5_2_text_align_last_edited=&#8221;on|phone&#8221; header_6_2_text_align_last_edited=&#8221;on|phone&#8221;]<\/p>\n<h2>A ementa<\/h2>\n<p>Entre os diversos pratos na ementa, destacam-se a Sopa de Ca\u00e7\u00e3o, Sopa de Tomate, &#8220;Carr\u00e9&#8221;\u00a0de Borrego, &#8220;Lagartos&#8221; de porco preto com migas de espargos, &#8220;Tacos&#8221; de Bacalhau, entre\u00a0outras. Todos os pratos s\u00e3o complementados por uma garrafeira vasta que inclui uma\u00a0escolha cuidada de vinhos alentejanos, e pela variedade da excelente do\u00e7aria conventual e\u00a0regional.<\/p>\n<p>[\/et_pb_text][\/et_pb_column][\/et_pb_row][et_pb_row column_structure=&#8221;1_2,1_2&#8243; use_custom_gutter=&#8221;on&#8221; gutter_width=&#8221;1&#8243; make_equal=&#8221;on&#8221; module_class=&#8221;lft-rgt&#8221; _builder_version=&#8221;4.6.6&#8243; _module_preset=&#8221;default&#8221; width=&#8221;100%&#8221; max_width=&#8221;100%&#8221; min_height=&#8221;66vh&#8221; custom_padding=&#8221;0px||0px||true|false&#8221;][et_pb_column type=&#8221;1_2&#8243; _builder_version=&#8221;4.6.6&#8243; _module_preset=&#8221;default&#8221; custom_css_main_element=&#8221;display: flex;||align-items: center;&#8221;][et_pb_text _builder_version=&#8221;4.6.6&#8243; _module_preset=&#8221;default&#8221; header_2_font=&#8221;Gilda Display|||on|||||&#8221; header_2_text_color=&#8221;#000000&#8243; header_2_font_size=&#8221;2em&#8221; custom_padding=&#8221;10%|10%|10%|10%|true|true&#8221; header_2_text_align_tablet=&#8221;&#8221; header_2_text_align_phone=&#8221;center&#8221; header_2_text_align_last_edited=&#8221;on|phone&#8221; text_orientation_tablet=&#8221;&#8221; text_orientation_phone=&#8221;justified&#8221; text_orientation_last_edited=&#8221;on|phone&#8221; header_2_2_text_align_phone=&#8221;center&#8221; header_3_2_text_align_phone=&#8221;center&#8221; header_4_2_text_align_phone=&#8221;center&#8221; header_5_2_text_align_phone=&#8221;center&#8221; header_6_2_text_align_phone=&#8221;center&#8221; header_2_2_text_align_last_edited=&#8221;on|phone&#8221; header_3_2_text_align_last_edited=&#8221;on|phone&#8221; header_4_2_text_align_last_edited=&#8221;on|phone&#8221; header_5_2_text_align_last_edited=&#8221;on|phone&#8221; header_6_2_text_align_last_edited=&#8221;on|phone&#8221;]<\/p>\n<h2>O Chefe<\/h2>\n<p>Com o Alentejo de fundo, Duarte Laranjinho de 34 anos, \u00e9 o Chef de Cozinha do restaurante \u201cO Ermita\u201d desde 2016. Sem nunca abandonar as suas ra\u00edzes alentejanas, trabalhou em v\u00e1rios Hot\u00e9is do distrito de \u00c9vora, onde teve o privil\u00e9gio de trabalhar\u00a0com o Chefe Ant\u00f3nio Nobre.<br \/> \u00a0 \u00a0 \u00a0 \u00a0 \u00a0 \u00a0 \u00a0 \u00a0 \u00a0 \u00a0 \u00a0 \u00a0 \u00a0<br \/>\nQuis o destino que voltasse ao local onde realizou o primeiro est\u00e1gio, sendo hoje\u00a0o respons\u00e1vel m\u00e1ximo pelas iguarias\u00a0que se degustam no Convento.\n<\/p>\n<p>[\/et_pb_text][\/et_pb_column][et_pb_column type=&#8221;1_2&#8243; _builder_version=&#8221;4.6.6&#8243; _module_preset=&#8221;default&#8221; background_image=&#8221;http:\/\/dev.catarinazimbarra.com\/hotelconventosaopaulo\/wp-content\/uploads\/2020\/10\/ef292f82-8b54-4eed-a6c1-bdfc9ee5d861.jpg&#8221; parallax=&#8221;on&#8221;][\/et_pb_column][\/et_pb_row][et_pb_row column_structure=&#8221;1_2,1_2&#8243; use_custom_gutter=&#8221;on&#8221; gutter_width=&#8221;1&#8243; make_equal=&#8221;on&#8221; module_class=&#8221;lft-rgt&#8221; _builder_version=&#8221;4.6.6&#8243; _module_preset=&#8221;default&#8221; width=&#8221;100%&#8221; max_width=&#8221;100%&#8221; min_height=&#8221;66vh&#8221; custom_padding=&#8221;0px||0px||true|false&#8221;][et_pb_column type=&#8221;1_2&#8243; _builder_version=&#8221;4.6.5&#8243; _module_preset=&#8221;default&#8221; background_image=&#8221;http:\/\/dev.catarinazimbarra.com\/hotelconventosaopaulo\/wp-content\/uploads\/2020\/10\/69dacf66b4bd86316490f0c0b4a0897b_XL.jpg&#8221; parallax=&#8221;on&#8221;][\/et_pb_column][et_pb_column type=&#8221;1_2&#8243; _builder_version=&#8221;4.6.5&#8243; _module_preset=&#8221;default&#8221; custom_css_main_element=&#8221;display: flex;||align-items: center;&#8221;][et_pb_text _builder_version=&#8221;4.6.5&#8243; _module_preset=&#8221;default&#8221; header_2_font=&#8221;Gilda Display|||on|||||&#8221; header_2_text_color=&#8221;#000000&#8243; header_2_font_size=&#8221;2em&#8221; custom_padding=&#8221;10%|10%|10%|10%|true|true&#8221; header_2_text_align_tablet=&#8221;&#8221; header_2_text_align_phone=&#8221;center&#8221; header_2_text_align_last_edited=&#8221;on|phone&#8221; text_orientation_tablet=&#8221;&#8221; text_orientation_phone=&#8221;justified&#8221; text_orientation_last_edited=&#8221;on|phone&#8221; header_2_2_text_align_phone=&#8221;center&#8221; header_3_2_text_align_phone=&#8221;center&#8221; header_4_2_text_align_phone=&#8221;center&#8221; header_5_2_text_align_phone=&#8221;center&#8221; header_6_2_text_align_phone=&#8221;center&#8221; header_2_2_text_align_last_edited=&#8221;on|phone&#8221; header_3_2_text_align_last_edited=&#8221;on|phone&#8221; header_4_2_text_align_last_edited=&#8221;on|phone&#8221; header_5_2_text_align_last_edited=&#8221;on|phone&#8221; header_6_2_text_align_last_edited=&#8221;on|phone&#8221;]<\/p>\n<h2>O Sommelier<span style=\"font-size: 16px;\">\u00a0<\/span><\/h2>\n<p>Localizado numa regi\u00e3o vitivin\u00edcola, com vinhos de extrema categoria, era indispens\u00e1vel\u00a0para \u201cO Ermita\u201d ter algu\u00e9m que a verdadeira paix\u00e3o fosse a gastronomia e a vinicultura,\u00a0combinadas. F\u00e1bio Nico \u00e9, desde 2017, o Sommelier respons\u00e1vel pela garrafeira do\u00a0restaurante. Especializado no\u00a0Wine and Spirit Education Trust International Wine and Spirit\u00a0Centre, hoje tem como desafio adaptar a cada prato o vinho que lhe faz jus.<\/p>\n<p>[\/et_pb_text][\/et_pb_column][\/et_pb_row][\/et_pb_section]<\/p>\n","protected":false},"excerpt":{"rendered":"<p>[et_pb_section fb_built=&#8221;1&#8243; admin_label=&#8221;Layout Group I&#8221; module_class=&#8221;heading-premium&#8221; _builder_version=&#8221;4.6.5&#8243; custom_padding=&#8221;0px|||||&#8221; saved_tabs=&#8221;all&#8221;][et_pb_row column_structure=&#8221;1_2,1_2&#8243; use_custom_gutter=&#8221;on&#8221; gutter_width=&#8221;1&#8243; _builder_version=&#8221;4.4.4&#8243; max_width=&#8221;1240px&#8221; custom_padding=&#8221;0px||0px|||&#8221;][et_pb_column type=&#8221;1_2&#8243; _builder_version=&#8221;4.4.4&#8243; z_index=&#8221;10&#8243;][et_pb_image src=&#8221;http:\/\/dev.catarinazimbarra.com\/hotelconventosaopaulo\/wp-content\/uploads\/2020\/10\/GBD3379.jpg&#8221; title_text=&#8221;about_2&#8243; align=&#8221;right&#8221; align_tablet=&#8221;left&#8221; align_phone=&#8221;&#8221; align_last_edited=&#8221;on|phone&#8221; module_class=&#8221;heading-premium-secondary-image&#8221; _builder_version=&#8221;4.6.6&#8243; max_width=&#8221;50%&#8221; max_width_tablet=&#8221;&#8221; max_width_phone=&#8221;&#8221; max_width_last_edited=&#8221;on|tablet&#8221; max_height_tablet=&#8221;150px&#8221; max_height_phone=&#8221;150px&#8221; max_height_last_edited=&#8221;on|phone&#8221;][\/et_pb_image][et_pb_text module_class=&#8221;heading-premium-title&#8221; _builder_version=&#8221;4.6.6&#8243; text_font=&#8221;Gilda Display|||on|||||&#8221; text_text_color=&#8221;#000000&#8243; text_font_size=&#8221;75px&#8221; text_letter_spacing=&#8221;3px&#8221; text_line_height=&#8221;1.3em&#8221; header_font=&#8221;Gilda Display|||on|||||&#8221; header_text_color=&#8221;#000000&#8243; header_font_size=&#8221;75px&#8221; header_letter_spacing=&#8221;3px&#8221; header_line_height=&#8221;1.3em&#8221; max_width=&#8221;800px&#8221; custom_margin=&#8221;40px|-100%|||false|false&#8221; custom_margin_tablet=&#8221;|0px|||false|false&#8221; custom_margin_phone=&#8221;||||false|false&#8221; custom_margin_last_edited=&#8221;on|tablet&#8221; text_font_size_tablet=&#8221;40px&#8221; text_font_size_phone=&#8221;24px&#8221; text_font_size_last_edited=&#8221;on|desktop&#8221; [&hellip;]<\/p>\n","protected":false},"author":1,"featured_media":0,"parent":0,"menu_order":0,"comment_status":"closed","ping_status":"closed","template":"","meta":{"_et_pb_use_builder":"on","_et_pb_old_content":"","_et_gb_content_width":"","spay_email":""},"_links":{"self":[{"href":"http:\/\/dev.catarinazimbarra.com\/hotelconventosaopaulo\/wp-json\/wp\/v2\/pages\/1476"}],"collection":[{"href":"http:\/\/dev.catarinazimbarra.com\/hotelconventosaopaulo\/wp-json\/wp\/v2\/pages"}],"about":[{"href":"http:\/\/dev.catarinazimbarra.com\/hotelconventosaopaulo\/wp-json\/wp\/v2\/types\/page"}],"author":[{"embeddable":true,"href":"http:\/\/dev.catarinazimbarra.com\/hotelconventosaopaulo\/wp-json\/wp\/v2\/users\/1"}],"replies":[{"embeddable":true,"href":"http:\/\/dev.catarinazimbarra.com\/hotelconventosaopaulo\/wp-json\/wp\/v2\/comments?post=1476"}],"version-history":[{"count":8,"href":"http:\/\/dev.catarinazimbarra.com\/hotelconventosaopaulo\/wp-json\/wp\/v2\/pages\/1476\/revisions"}],"predecessor-version":[{"id":1557,"href":"http:\/\/dev.catarinazimbarra.com\/hotelconventosaopaulo\/wp-json\/wp\/v2\/pages\/1476\/revisions\/1557"}],"wp:attachment":[{"href":"http:\/\/dev.catarinazimbarra.com\/hotelconventosaopaulo\/wp-json\/wp\/v2\/media?parent=1476"}],"curies":[{"name":"wp","href":"https:\/\/api.w.org\/{rel}","templated":true}]}}