{"id":1503,"date":"2020-12-14T10:50:51","date_gmt":"2020-12-14T10:50:51","guid":{"rendered":"http:\/\/dev.catarinazimbarra.com\/hotelconventosaopaulo\/term0s-condicoes\/"},"modified":"2020-12-14T18:26:38","modified_gmt":"2020-12-14T18:26:38","slug":"term0s-condicoes","status":"publish","type":"page","link":"http:\/\/dev.catarinazimbarra.com\/hotelconventosaopaulo\/term0s-condicoes\/?lang=pt-pt","title":{"rendered":"Termos e Condi\u00e7\u00f5es"},"content":{"rendered":"\n<p>Estes Termos &amp; Condi\u00e7\u00f5es s\u00e3o aplic\u00e1veis a todos e quaisquer Contratos realizados por Hotel Convento de S\u00e3o Paulo e os seus Clientes, aplicando-se a todas as reservas, acordos de alojamento, restaurantes, alugueres de salas de eventos e utiliza\u00e7\u00e3o de todos os servi\u00e7os no Hotel Convento de S\u00e3o Paulo.<\/p>\n","protected":false},"excerpt":{"rendered":"<p>Estes Termos &amp; Condi\u00e7\u00f5es s\u00e3o aplic\u00e1veis a todos e quaisquer Contratos realizados por Hotel Convento de S\u00e3o Paulo e os seus Clientes, aplicando-se a todas as reservas, acordos de alojamento, restaurantes, alugueres de salas de eventos e utiliza\u00e7\u00e3o de todos os servi\u00e7os no Hotel Convento de S\u00e3o Paulo.<\/p>\n","protected":false},"author":1,"featured_media":0,"parent":0,"menu_order":0,"comment_status":"closed","ping_status":"closed","template":"","meta":{"_et_pb_use_builder":"off","_et_pb_old_content":"","_et_gb_content_width":"","spay_email":""},"_links":{"self":[{"href":"http:\/\/dev.catarinazimbarra.com\/hotelconventosaopaulo\/wp-json\/wp\/v2\/pages\/1503"}],"collection":[{"href":"http:\/\/dev.catarinazimbarra.com\/hotelconventosaopaulo\/wp-json\/wp\/v2\/pages"}],"about":[{"href":"http:\/\/dev.catarinazimbarra.com\/hotelconventosaopaulo\/wp-json\/wp\/v2\/types\/page"}],"author":[{"embeddable":true,"href":"http:\/\/dev.catarinazimbarra.com\/hotelconventosaopaulo\/wp-json\/wp\/v2\/users\/1"}],"replies":[{"embeddable":true,"href":"http:\/\/dev.catarinazimbarra.com\/hotelconventosaopaulo\/wp-json\/wp\/v2\/comments?post=1503"}],"version-history":[{"count":4,"href":"http:\/\/dev.catarinazimbarra.com\/hotelconventosaopaulo\/wp-json\/wp\/v2\/pages\/1503\/revisions"}],"predecessor-version":[{"id":1520,"href":"http:\/\/dev.catarinazimbarra.com\/hotelconventosaopaulo\/wp-json\/wp\/v2\/pages\/1503\/revisions\/1520"}],"wp:attachment":[{"href":"http:\/\/dev.catarinazimbarra.com\/hotelconventosaopaulo\/wp-json\/wp\/v2\/media?parent=1503"}],"curies":[{"name":"wp","href":"https:\/\/api.w.org\/{rel}","templated":true}]}}